{"id":851,"date":"2020-08-02T14:40:13","date_gmt":"2020-08-02T12:40:13","guid":{"rendered":"https:\/\/www.tinas-autorenwelt.de\/?page_id=851"},"modified":"2022-12-09T12:02:55","modified_gmt":"2022-12-09T11:02:55","slug":"krehighbu-autorenstatistik","status":"publish","type":"page","link":"https:\/\/www.tinas-autorenwelt.de\/?page_id=851","title":{"rendered":"KreHighBu Autorenstatistik"},"content":{"rendered":"\n<p><strong>Titel:<\/strong> KreHighBu Autorenstatistik &#8211; Kreative Highlights in Buchform<br><strong>Genre:<\/strong> Ausf\u00fcllbuch<br><strong>Autor:<\/strong> Tina Reinhardt<br><strong>Verlag:<\/strong> Books on Demand<br><strong>Erscheinungsdatum:<\/strong> 23.06.2020<br><strong>Format:<\/strong> Gebundene Ausgabe<br><strong>Seiten:<\/strong> 128<br><strong>Kosten:<\/strong> 16,49\u20ac<\/p>\n\n\n<div class=\"wp-block-image\">\n<figure class=\"aligncenter size-large is-resized\"><img loading=\"lazy\" decoding=\"async\" src=\"https:\/\/www.tinas-autorenwelt.de\/wp-content\/uploads\/2020\/08\/Cover-Front-640x1024.jpg\" alt=\"\" class=\"wp-image-844\" width=\"160\" height=\"256\" srcset=\"https:\/\/www.tinas-autorenwelt.de\/wp-content\/uploads\/2020\/08\/Cover-Front-640x1024.jpg 640w, https:\/\/www.tinas-autorenwelt.de\/wp-content\/uploads\/2020\/08\/Cover-Front-188x300.jpg 188w, https:\/\/www.tinas-autorenwelt.de\/wp-content\/uploads\/2020\/08\/Cover-Front-768x1229.jpg 768w, https:\/\/www.tinas-autorenwelt.de\/wp-content\/uploads\/2020\/08\/Cover-Front-960x1536.jpg 960w, https:\/\/www.tinas-autorenwelt.de\/wp-content\/uploads\/2020\/08\/Cover-Front-1280x2048.jpg 1280w, https:\/\/www.tinas-autorenwelt.de\/wp-content\/uploads\/2020\/08\/Cover-Front.jpg 1600w\" sizes=\"auto, (max-width: 160px) 100vw, 160px\" \/><\/figure><\/div>\n\n\n<h3 class=\"wp-block-heading\"><strong>Die Buchstatistik f\u00fcr deine Belletristik<\/strong><\/h3>\n\n\n\n<p>Die KreHighBu Autorenstatistik richtet sich an alle Autoren, die \u00fcber ihre Werke gerne eine \u00fcbersichtliche Statistik haben m\u00f6chten. Im Ausf\u00fcllbuch finden 10 Projekte ihren Platz. Einzutragen sind allgemeine Dinge wie Arbeitsstunden, Seitenzahl, Wortzahl, Autor, Verlag usw. Auf weiteren Seiten findet sich Platz f\u00fcr Klappentexte, Buchcover, Zeitungsausschnitte, Flyer und mehr. Schreibt au\u00dferdem eure Erfolge nieder. Wann wurde das 1. Buch verkauft, wann das 10., 100., 1000., usw. Welche Einnahmen habt ihr im ersten Jahr erzielt, wurden Buchpreise gewonnen?<\/p>\n\n\n\n<!-- ### Begin BoD ShopWidget -->\n<div id=\"bodShopWidget_3154489_print\" class=\"bodShopWidget\"><\/div><script type=\"text\/javascript\">if(typeof checkLibExist == \"undefined\"){var script = document.createElement(\"script\");script.src =\"\/\/www.bod.de\/public\/js\/bod\/v1.1\/shopWidget.min.js\";script.type = \"text\/javascript\";document.head.appendChild(script);var checkLibExist = true;}if(typeof books === \"undefined\") var books=[];books.push({\"objID\":\"3154489\",\"swKey\":\"9b8d4604431de011ce43727a50264dae\",\"type\":\"print\",\"size\":\"large\",\"font\":\"nonSerif\",\"shadow\":true,\"contour\":true,\"coverContour\":true,\"fontColor\":\"#B0D51C\",\"contourColor\":\"#FFFFFF\",\"shadowBtn\":true,\"contourBtn\":false,\"bgColor\":\"#070085\",\"btnFontColor\":\"#000000\",\"btnColor\":\"#B0D51C\",\"btnContourColor\":\"#ffffff\",\"shop\":\"de\",\"mandantShopUrl\":\"https:\/\/www.bod.de\/buchshop\",\"lang\":\"de\"});<\/script>\n<!-- ### End BoD ShopWidget -->\n","protected":false},"excerpt":{"rendered":"<p>Titel: KreHighBu Autorenstatistik &#8211; Kreative Highlights in BuchformGenre: Ausf\u00fcllbuchAutor: Tina ReinhardtVerlag: Books on DemandErscheinungsdatum: 23.06.2020Format: Gebundene AusgabeSeiten: 128Kosten: 16,49\u20ac Die Buchstatistik f\u00fcr deine Belletristik Die KreHighBu Autorenstatistik richtet sich an alle Autoren, die \u00fcber ihre Werke gerne eine \u00fcbersichtliche Statistik haben m\u00f6chten. Im Ausf\u00fcllbuch finden 10 Projekte ihren Platz. Einzutragen sind allgemeine Dinge wie Arbeitsstunden, &hellip; <\/p>\n<p class=\"link-more\"><a href=\"https:\/\/www.tinas-autorenwelt.de\/?page_id=851\" class=\"more-link\"><span class=\"screen-reader-text\">\u201eKreHighBu Autorenstatistik\u201c<\/span> weiterlesen<\/a><\/p>\n","protected":false},"author":1,"featured_media":0,"parent":129,"menu_order":0,"comment_status":"closed","ping_status":"closed","template":"","meta":{"footnotes":""},"class_list":["post-851","page","type-page","status-publish","hentry"],"yoast_head":"<!-- This site is optimized with the Yoast SEO plugin v26.2 - https:\/\/yoast.com\/wordpress\/plugins\/seo\/ -->\n<title>KreHighBu Autorenstatistik - Tinas Autorenwelt - bunt und lebendig<\/title>\n<meta name=\"robots\" content=\"index, follow, max-snippet:-1, max-image-preview:large, max-video-preview:-1\" \/>\n<link rel=\"canonical\" href=\"https:\/\/www.tinas-autorenwelt.de\/?page_id=851\" \/>\n<meta property=\"og:locale\" content=\"de_DE\" \/>\n<meta property=\"og:type\" content=\"article\" \/>\n<meta property=\"og:title\" content=\"KreHighBu Autorenstatistik - Tinas Autorenwelt - bunt und lebendig\" \/>\n<meta property=\"og:description\" content=\"Titel: KreHighBu Autorenstatistik &#8211; Kreative Highlights in BuchformGenre: Ausf\u00fcllbuchAutor: Tina ReinhardtVerlag: Books on DemandErscheinungsdatum: 23.06.2020Format: Gebundene AusgabeSeiten: 128Kosten: 16,49\u20ac Die Buchstatistik f\u00fcr deine Belletristik Die KreHighBu Autorenstatistik richtet sich an alle Autoren, die \u00fcber ihre Werke gerne eine \u00fcbersichtliche Statistik haben m\u00f6chten. Im Ausf\u00fcllbuch finden 10 Projekte ihren Platz. Einzutragen sind allgemeine Dinge wie Arbeitsstunden, &hellip; \u201eKreHighBu Autorenstatistik\u201c weiterlesen\" \/>\n<meta property=\"og:url\" content=\"https:\/\/www.tinas-autorenwelt.de\/?page_id=851\" \/>\n<meta property=\"og:site_name\" content=\"Tinas Autorenwelt - bunt und lebendig\" \/>\n<meta property=\"article:modified_time\" content=\"2022-12-09T11:02:55+00:00\" \/>\n<meta property=\"og:image\" content=\"https:\/\/www.tinas-autorenwelt.de\/wp-content\/uploads\/2020\/08\/Cover-Front-640x1024.jpg\" \/>\n<meta name=\"twitter:card\" content=\"summary_large_image\" \/>\n<meta name=\"twitter:label1\" content=\"Gesch\u00e4tzte Lesezeit\" \/>\n\t<meta name=\"twitter:data1\" content=\"1\u00a0Minute\" \/>\n<script type=\"application\/ld+json\" class=\"yoast-schema-graph\">{\"@context\":\"https:\/\/schema.org\",\"@graph\":[{\"@type\":\"WebPage\",\"@id\":\"https:\/\/www.tinas-autorenwelt.de\/?page_id=851\",\"url\":\"https:\/\/www.tinas-autorenwelt.de\/?page_id=851\",\"name\":\"KreHighBu Autorenstatistik - Tinas Autorenwelt - bunt und lebendig\",\"isPartOf\":{\"@id\":\"https:\/\/www.tinas-autorenwelt.de\/#website\"},\"primaryImageOfPage\":{\"@id\":\"https:\/\/www.tinas-autorenwelt.de\/?page_id=851#primaryimage\"},\"image\":{\"@id\":\"https:\/\/www.tinas-autorenwelt.de\/?page_id=851#primaryimage\"},\"thumbnailUrl\":\"https:\/\/www.tinas-autorenwelt.de\/wp-content\/uploads\/2020\/08\/Cover-Front-640x1024.jpg\",\"datePublished\":\"2020-08-02T12:40:13+00:00\",\"dateModified\":\"2022-12-09T11:02:55+00:00\",\"breadcrumb\":{\"@id\":\"https:\/\/www.tinas-autorenwelt.de\/?page_id=851#breadcrumb\"},\"inLanguage\":\"de\",\"potentialAction\":[{\"@type\":\"ReadAction\",\"target\":[\"https:\/\/www.tinas-autorenwelt.de\/?page_id=851\"]}]},{\"@type\":\"ImageObject\",\"inLanguage\":\"de\",\"@id\":\"https:\/\/www.tinas-autorenwelt.de\/?page_id=851#primaryimage\",\"url\":\"https:\/\/www.tinas-autorenwelt.de\/wp-content\/uploads\/2020\/08\/Cover-Front.jpg\",\"contentUrl\":\"https:\/\/www.tinas-autorenwelt.de\/wp-content\/uploads\/2020\/08\/Cover-Front.jpg\",\"width\":1600,\"height\":2560},{\"@type\":\"BreadcrumbList\",\"@id\":\"https:\/\/www.tinas-autorenwelt.de\/?page_id=851#breadcrumb\",\"itemListElement\":[{\"@type\":\"ListItem\",\"position\":1,\"name\":\"Startseite\",\"item\":\"https:\/\/www.tinas-autorenwelt.de\/\"},{\"@type\":\"ListItem\",\"position\":2,\"name\":\"Meine Ver\u00f6ffentlichungen\",\"item\":\"https:\/\/www.tinas-autorenwelt.de\/?page_id=129\"},{\"@type\":\"ListItem\",\"position\":3,\"name\":\"KreHighBu Autorenstatistik\"}]},{\"@type\":\"WebSite\",\"@id\":\"https:\/\/www.tinas-autorenwelt.de\/#website\",\"url\":\"https:\/\/www.tinas-autorenwelt.de\/\",\"name\":\"Tinas Autorenwelt - bunt und lebendig\",\"description\":\"\",\"potentialAction\":[{\"@type\":\"SearchAction\",\"target\":{\"@type\":\"EntryPoint\",\"urlTemplate\":\"https:\/\/www.tinas-autorenwelt.de\/?s={search_term_string}\"},\"query-input\":{\"@type\":\"PropertyValueSpecification\",\"valueRequired\":true,\"valueName\":\"search_term_string\"}}],\"inLanguage\":\"de\"}]}<\/script>\n<!-- \/ Yoast SEO plugin. -->","yoast_head_json":{"title":"KreHighBu Autorenstatistik - Tinas Autorenwelt - bunt und lebendig","robots":{"index":"index","follow":"follow","max-snippet":"max-snippet:-1","max-image-preview":"max-image-preview:large","max-video-preview":"max-video-preview:-1"},"canonical":"https:\/\/www.tinas-autorenwelt.de\/?page_id=851","og_locale":"de_DE","og_type":"article","og_title":"KreHighBu Autorenstatistik - Tinas Autorenwelt - bunt und lebendig","og_description":"Titel: KreHighBu Autorenstatistik &#8211; Kreative Highlights in BuchformGenre: Ausf\u00fcllbuchAutor: Tina ReinhardtVerlag: Books on DemandErscheinungsdatum: 23.06.2020Format: Gebundene AusgabeSeiten: 128Kosten: 16,49\u20ac Die Buchstatistik f\u00fcr deine Belletristik Die KreHighBu Autorenstatistik richtet sich an alle Autoren, die \u00fcber ihre Werke gerne eine \u00fcbersichtliche Statistik haben m\u00f6chten. Im Ausf\u00fcllbuch finden 10 Projekte ihren Platz. Einzutragen sind allgemeine Dinge wie Arbeitsstunden, &hellip; \u201eKreHighBu Autorenstatistik\u201c weiterlesen","og_url":"https:\/\/www.tinas-autorenwelt.de\/?page_id=851","og_site_name":"Tinas Autorenwelt - bunt und lebendig","article_modified_time":"2022-12-09T11:02:55+00:00","og_image":[{"url":"https:\/\/www.tinas-autorenwelt.de\/wp-content\/uploads\/2020\/08\/Cover-Front-640x1024.jpg","type":"","width":"","height":""}],"twitter_card":"summary_large_image","twitter_misc":{"Gesch\u00e4tzte Lesezeit":"1\u00a0Minute"},"schema":{"@context":"https:\/\/schema.org","@graph":[{"@type":"WebPage","@id":"https:\/\/www.tinas-autorenwelt.de\/?page_id=851","url":"https:\/\/www.tinas-autorenwelt.de\/?page_id=851","name":"KreHighBu Autorenstatistik - Tinas Autorenwelt - bunt und lebendig","isPartOf":{"@id":"https:\/\/www.tinas-autorenwelt.de\/#website"},"primaryImageOfPage":{"@id":"https:\/\/www.tinas-autorenwelt.de\/?page_id=851#primaryimage"},"image":{"@id":"https:\/\/www.tinas-autorenwelt.de\/?page_id=851#primaryimage"},"thumbnailUrl":"https:\/\/www.tinas-autorenwelt.de\/wp-content\/uploads\/2020\/08\/Cover-Front-640x1024.jpg","datePublished":"2020-08-02T12:40:13+00:00","dateModified":"2022-12-09T11:02:55+00:00","breadcrumb":{"@id":"https:\/\/www.tinas-autorenwelt.de\/?page_id=851#breadcrumb"},"inLanguage":"de","potentialAction":[{"@type":"ReadAction","target":["https:\/\/www.tinas-autorenwelt.de\/?page_id=851"]}]},{"@type":"ImageObject","inLanguage":"de","@id":"https:\/\/www.tinas-autorenwelt.de\/?page_id=851#primaryimage","url":"https:\/\/www.tinas-autorenwelt.de\/wp-content\/uploads\/2020\/08\/Cover-Front.jpg","contentUrl":"https:\/\/www.tinas-autorenwelt.de\/wp-content\/uploads\/2020\/08\/Cover-Front.jpg","width":1600,"height":2560},{"@type":"BreadcrumbList","@id":"https:\/\/www.tinas-autorenwelt.de\/?page_id=851#breadcrumb","itemListElement":[{"@type":"ListItem","position":1,"name":"Startseite","item":"https:\/\/www.tinas-autorenwelt.de\/"},{"@type":"ListItem","position":2,"name":"Meine Ver\u00f6ffentlichungen","item":"https:\/\/www.tinas-autorenwelt.de\/?page_id=129"},{"@type":"ListItem","position":3,"name":"KreHighBu Autorenstatistik"}]},{"@type":"WebSite","@id":"https:\/\/www.tinas-autorenwelt.de\/#website","url":"https:\/\/www.tinas-autorenwelt.de\/","name":"Tinas Autorenwelt - bunt und lebendig","description":"","potentialAction":[{"@type":"SearchAction","target":{"@type":"EntryPoint","urlTemplate":"https:\/\/www.tinas-autorenwelt.de\/?s={search_term_string}"},"query-input":{"@type":"PropertyValueSpecification","valueRequired":true,"valueName":"search_term_string"}}],"inLanguage":"de"}]}},"_links":{"self":[{"href":"https:\/\/www.tinas-autorenwelt.de\/index.php?rest_route=\/wp\/v2\/pages\/851","targetHints":{"allow":["GET"]}}],"collection":[{"href":"https:\/\/www.tinas-autorenwelt.de\/index.php?rest_route=\/wp\/v2\/pages"}],"about":[{"href":"https:\/\/www.tinas-autorenwelt.de\/index.php?rest_route=\/wp\/v2\/types\/page"}],"author":[{"embeddable":true,"href":"https:\/\/www.tinas-autorenwelt.de\/index.php?rest_route=\/wp\/v2\/users\/1"}],"replies":[{"embeddable":true,"href":"https:\/\/www.tinas-autorenwelt.de\/index.php?rest_route=%2Fwp%2Fv2%2Fcomments&post=851"}],"version-history":[{"count":4,"href":"https:\/\/www.tinas-autorenwelt.de\/index.php?rest_route=\/wp\/v2\/pages\/851\/revisions"}],"predecessor-version":[{"id":1257,"href":"https:\/\/www.tinas-autorenwelt.de\/index.php?rest_route=\/wp\/v2\/pages\/851\/revisions\/1257"}],"up":[{"embeddable":true,"href":"https:\/\/www.tinas-autorenwelt.de\/index.php?rest_route=\/wp\/v2\/pages\/129"}],"wp:attachment":[{"href":"https:\/\/www.tinas-autorenwelt.de\/index.php?rest_route=%2Fwp%2Fv2%2Fmedia&parent=851"}],"curies":[{"name":"wp","href":"https:\/\/api.w.org\/{rel}","templated":true}]}}