{"id":6,"date":"2016-01-04T13:04:15","date_gmt":"2016-01-04T12:04:15","guid":{"rendered":"http:\/\/www.familie-reinhardt.de\/tinas-autorenwelt\/?page_id=6"},"modified":"2023-08-18T10:39:00","modified_gmt":"2023-08-18T08:39:00","slug":"ich-lese","status":"publish","type":"page","link":"https:\/\/www.tinas-autorenwelt.de\/?page_id=6","title":{"rendered":"Ich lese gerne und viel &#8230;"},"content":{"rendered":"<p style=\"text-align: left;\">In meine Autorenwelt geh\u00f6ren nicht nur Ver\u00f6ffentlichungen von Projekten, die ich selbst schreibe, sondern auch B\u00fccher, die ich lese. Einerseits lese ich gern und viel, andererseits bieten B\u00fccher auch Anregungen f\u00fcr die eigene Schreibweise . Mein Wortschatz erweitert sich und ich lerne gleichzeitig, was mir nicht gef\u00e4llt und was ich anders schreiben w\u00fcrde.<\/p>\n<h2><strong>Meine B\u00fccher und Ver\u00f6ffentlichungen<br \/>\n<\/strong><\/h2>\n<p>Ich bin ja der Meinung, dass meine Ver\u00f6ffentlichungen sich in einem B\u00fccherregal echt gut machen \ud83d\ude42<\/p>\n<p>Hier findest du meine Ver\u00f6ffentlichungen:<\/p>\n<p><img loading=\"lazy\" decoding=\"async\" class=\"alignnone size-medium wp-image-417\" src=\"https:\/\/www.tinas-autorenwelt.de\/wp-content\/uploads\/2018\/12\/B\u00fccher-236x300.png\" alt=\"\" width=\"236\" height=\"300\" srcset=\"https:\/\/www.tinas-autorenwelt.de\/wp-content\/uploads\/2018\/12\/B\u00fccher-236x300.png 236w, https:\/\/www.tinas-autorenwelt.de\/wp-content\/uploads\/2018\/12\/B\u00fccher.png 469w\" sizes=\"auto, (max-width: 236px) 100vw, 236px\" \/>\u00a0\u00a0\u00a0 <img loading=\"lazy\" decoding=\"async\" class=\"alignnone size-medium wp-image-429\" src=\"https:\/\/www.tinas-autorenwelt.de\/wp-content\/uploads\/2019\/02\/WhatsApp-Image-2019-02-22-at-12.46.16-300x129.jpeg\" alt=\"\" width=\"300\" height=\"129\" \/><\/p>\n<p><img loading=\"lazy\" decoding=\"async\" class=\"alignnone size-medium wp-image-738\" src=\"https:\/\/www.tinas-autorenwelt.de\/wp-content\/uploads\/2020\/04\/WhatsApp-Image-2020-04-09-at-10.28.48-300x300.jpeg\" alt=\"\" width=\"300\" height=\"300\" srcset=\"https:\/\/www.tinas-autorenwelt.de\/wp-content\/uploads\/2020\/04\/WhatsApp-Image-2020-04-09-at-10.28.48-300x300.jpeg 300w, https:\/\/www.tinas-autorenwelt.de\/wp-content\/uploads\/2020\/04\/WhatsApp-Image-2020-04-09-at-10.28.48-1022x1024.jpeg 1022w, https:\/\/www.tinas-autorenwelt.de\/wp-content\/uploads\/2020\/04\/WhatsApp-Image-2020-04-09-at-10.28.48-150x150.jpeg 150w, https:\/\/www.tinas-autorenwelt.de\/wp-content\/uploads\/2020\/04\/WhatsApp-Image-2020-04-09-at-10.28.48-768x769.jpeg 768w, https:\/\/www.tinas-autorenwelt.de\/wp-content\/uploads\/2020\/04\/WhatsApp-Image-2020-04-09-at-10.28.48-100x100.jpeg 100w, https:\/\/www.tinas-autorenwelt.de\/wp-content\/uploads\/2020\/04\/WhatsApp-Image-2020-04-09-at-10.28.48.jpeg 1080w\" sizes=\"auto, (max-width: 300px) 100vw, 300px\" \/> \u00a0\u00a0\u00a0 <img loading=\"lazy\" decoding=\"async\" class=\"alignnone size-medium wp-image-742\" src=\"https:\/\/www.tinas-autorenwelt.de\/wp-content\/uploads\/2020\/04\/WhatsApp-Image-2020-04-09-at-10.26.42-300x297.jpeg\" alt=\"\" width=\"300\" height=\"297\" srcset=\"https:\/\/www.tinas-autorenwelt.de\/wp-content\/uploads\/2020\/04\/WhatsApp-Image-2020-04-09-at-10.26.42-300x297.jpeg 300w, https:\/\/www.tinas-autorenwelt.de\/wp-content\/uploads\/2020\/04\/WhatsApp-Image-2020-04-09-at-10.26.42-1024x1014.jpeg 1024w, https:\/\/www.tinas-autorenwelt.de\/wp-content\/uploads\/2020\/04\/WhatsApp-Image-2020-04-09-at-10.26.42-150x150.jpeg 150w, https:\/\/www.tinas-autorenwelt.de\/wp-content\/uploads\/2020\/04\/WhatsApp-Image-2020-04-09-at-10.26.42-768x760.jpeg 768w, https:\/\/www.tinas-autorenwelt.de\/wp-content\/uploads\/2020\/04\/WhatsApp-Image-2020-04-09-at-10.26.42-100x100.jpeg 100w, https:\/\/www.tinas-autorenwelt.de\/wp-content\/uploads\/2020\/04\/WhatsApp-Image-2020-04-09-at-10.26.42.jpeg 1080w\" sizes=\"auto, (max-width: 300px) 100vw, 300px\" \/> <img loading=\"lazy\" decoding=\"async\" class=\"alignnone size-medium wp-image-1296\" src=\"https:\/\/www.tinas-autorenwelt.de\/wp-content\/uploads\/2023\/05\/20230104_123639-225x300.jpg\" alt=\"\" width=\"225\" height=\"300\" srcset=\"https:\/\/www.tinas-autorenwelt.de\/wp-content\/uploads\/2023\/05\/20230104_123639-225x300.jpg 225w, https:\/\/www.tinas-autorenwelt.de\/wp-content\/uploads\/2023\/05\/20230104_123639-768x1024.jpg 768w, https:\/\/www.tinas-autorenwelt.de\/wp-content\/uploads\/2023\/05\/20230104_123639-1152x1536.jpg 1152w, https:\/\/www.tinas-autorenwelt.de\/wp-content\/uploads\/2023\/05\/20230104_123639-1536x2048.jpg 1536w, https:\/\/www.tinas-autorenwelt.de\/wp-content\/uploads\/2023\/05\/20230104_123639-scaled.jpg 1920w\" sizes=\"auto, (max-width: 225px) 100vw, 225px\" \/><\/p>\n<p>Aber nat\u00fcrlich besitze ich auch einige Werke anderer Schreiberlinge. Es gibt mit Sicherheit viele Leseratten, mit einem viel gr\u00f6\u00dferen Inventar. Einige B\u00fccher habe ich nur als E-book. Aber ich mag es mehr, B\u00fccher wirklich in der Hand zu halten. Als Kind habe ich lesen gehasst. Jetzt nicht mehr.<\/p>\n<figure id=\"attachment_1293\" aria-describedby=\"caption-attachment-1293\" style=\"width: 300px\" class=\"wp-caption aligncenter\"><img loading=\"lazy\" decoding=\"async\" class=\"wp-image-1293 size-medium\" src=\"https:\/\/www.tinas-autorenwelt.de\/wp-content\/uploads\/2023\/05\/20230104_080716-300x225.jpg\" alt=\"\" width=\"300\" height=\"225\" srcset=\"https:\/\/www.tinas-autorenwelt.de\/wp-content\/uploads\/2023\/05\/20230104_080716-300x225.jpg 300w, https:\/\/www.tinas-autorenwelt.de\/wp-content\/uploads\/2023\/05\/20230104_080716-1024x768.jpg 1024w, https:\/\/www.tinas-autorenwelt.de\/wp-content\/uploads\/2023\/05\/20230104_080716-768x576.jpg 768w, https:\/\/www.tinas-autorenwelt.de\/wp-content\/uploads\/2023\/05\/20230104_080716-1536x1152.jpg 1536w, https:\/\/www.tinas-autorenwelt.de\/wp-content\/uploads\/2023\/05\/20230104_080716-2048x1536.jpg 2048w\" sizes=\"auto, (max-width: 300px) 100vw, 300px\" \/><figcaption id=\"caption-attachment-1293\" class=\"wp-caption-text\">Mein Stapel ungelesener B\u00fccher Ende 2022<\/figcaption><\/figure>\n<figure id=\"attachment_1292\" aria-describedby=\"caption-attachment-1292\" style=\"width: 300px\" class=\"wp-caption aligncenter\"><img loading=\"lazy\" decoding=\"async\" class=\"wp-image-1292 size-medium\" src=\"https:\/\/www.tinas-autorenwelt.de\/wp-content\/uploads\/2023\/05\/20220104_112159-300x225.jpg\" alt=\"\" width=\"300\" height=\"225\" srcset=\"https:\/\/www.tinas-autorenwelt.de\/wp-content\/uploads\/2023\/05\/20220104_112159-300x225.jpg 300w, https:\/\/www.tinas-autorenwelt.de\/wp-content\/uploads\/2023\/05\/20220104_112159-1024x768.jpg 1024w, https:\/\/www.tinas-autorenwelt.de\/wp-content\/uploads\/2023\/05\/20220104_112159-768x576.jpg 768w, https:\/\/www.tinas-autorenwelt.de\/wp-content\/uploads\/2023\/05\/20220104_112159-1536x1152.jpg 1536w, https:\/\/www.tinas-autorenwelt.de\/wp-content\/uploads\/2023\/05\/20220104_112159-2048x1536.jpg 2048w\" sizes=\"auto, (max-width: 300px) 100vw, 300px\" \/><figcaption id=\"caption-attachment-1292\" class=\"wp-caption-text\">Mein Stapel ungelesener B\u00fccher Ende 2021<\/figcaption><\/figure>\n<figure id=\"attachment_1026\" aria-describedby=\"caption-attachment-1026\" style=\"width: 300px\" class=\"wp-caption aligncenter\"><img loading=\"lazy\" decoding=\"async\" class=\"wp-image-1026 size-medium\" src=\"https:\/\/www.tinas-autorenwelt.de\/wp-content\/uploads\/2021\/02\/SuB2021-300x172.png\" alt=\"\" width=\"300\" height=\"172\" srcset=\"https:\/\/www.tinas-autorenwelt.de\/wp-content\/uploads\/2021\/02\/SuB2021-300x172.png 300w, https:\/\/www.tinas-autorenwelt.de\/wp-content\/uploads\/2021\/02\/SuB2021.png 727w\" sizes=\"auto, (max-width: 300px) 100vw, 300px\" \/><figcaption id=\"caption-attachment-1026\" class=\"wp-caption-text\">Mein Stapel ungelesener B\u00fccher Ende 2020<\/figcaption><\/figure>\n<figure id=\"attachment_741\" aria-describedby=\"caption-attachment-741\" style=\"width: 300px\" class=\"wp-caption aligncenter\"><img loading=\"lazy\" decoding=\"async\" class=\"wp-image-741 size-medium\" src=\"https:\/\/www.tinas-autorenwelt.de\/wp-content\/uploads\/2020\/04\/WhatsApp-Image-2020-04-09-at-10.27.12-300x226.jpeg\" alt=\"\" width=\"300\" height=\"226\" srcset=\"https:\/\/www.tinas-autorenwelt.de\/wp-content\/uploads\/2020\/04\/WhatsApp-Image-2020-04-09-at-10.27.12-300x226.jpeg 300w, https:\/\/www.tinas-autorenwelt.de\/wp-content\/uploads\/2020\/04\/WhatsApp-Image-2020-04-09-at-10.27.12-1024x771.jpeg 1024w, https:\/\/www.tinas-autorenwelt.de\/wp-content\/uploads\/2020\/04\/WhatsApp-Image-2020-04-09-at-10.27.12-768x578.jpeg 768w, https:\/\/www.tinas-autorenwelt.de\/wp-content\/uploads\/2020\/04\/WhatsApp-Image-2020-04-09-at-10.27.12.jpeg 1079w\" sizes=\"auto, (max-width: 300px) 100vw, 300px\" \/><figcaption id=\"caption-attachment-741\" class=\"wp-caption-text\">Mein Stapel ungelesener B\u00fccher Ende 2019<\/figcaption><\/figure>\n<figure id=\"attachment_740\" aria-describedby=\"caption-attachment-740\" style=\"width: 300px\" class=\"wp-caption aligncenter\"><img loading=\"lazy\" decoding=\"async\" class=\"wp-image-740 size-medium\" src=\"https:\/\/www.tinas-autorenwelt.de\/wp-content\/uploads\/2020\/04\/WhatsApp-Image-2020-04-09-at-10.27.46-300x244.jpeg\" alt=\"\" width=\"300\" height=\"244\" srcset=\"https:\/\/www.tinas-autorenwelt.de\/wp-content\/uploads\/2020\/04\/WhatsApp-Image-2020-04-09-at-10.27.46-300x244.jpeg 300w, https:\/\/www.tinas-autorenwelt.de\/wp-content\/uploads\/2020\/04\/WhatsApp-Image-2020-04-09-at-10.27.46-1024x833.jpeg 1024w, https:\/\/www.tinas-autorenwelt.de\/wp-content\/uploads\/2020\/04\/WhatsApp-Image-2020-04-09-at-10.27.46-768x625.jpeg 768w, https:\/\/www.tinas-autorenwelt.de\/wp-content\/uploads\/2020\/04\/WhatsApp-Image-2020-04-09-at-10.27.46.jpeg 1080w\" sizes=\"auto, (max-width: 300px) 100vw, 300px\" \/><figcaption id=\"caption-attachment-740\" class=\"wp-caption-text\">Mein Stapel ungelesener B\u00fccher Ende 2018<\/figcaption><\/figure>\n<h2><strong>Bereits gelesen<\/strong><\/h2>\n<p>In den letzten Jahren habe ich einige B\u00fccher gelesen und rezensiert. Verpasse keine Rezensionen mehr und folge mir auf Instagram. Ich hei\u00dfe dort <a href=\"https:\/\/www.instagram.com\/tinasautorenwelt\/?hl=de\" target=\"_blank\" rel=\"noopener noreferrer\">tinasautorenwelt<\/a>.<\/p>\n<p>Im Folgenden findest du eine Liste, der von mir gelesenen B\u00fccher. Die Sortierung erfolgt nach Jahren, wobei das aktuellste oben steht. Bei der Jahreszahl geht es darum, wann ich das Buch beendet habe und nicht, wann ich mit dem Lesen anfing.<\/p>\n<div class=\"visualizer-front-container\" id=\"chart_wrapper_visualizer-505-2055142045\"><style type=\"text\/css\" name=\"visualizer-custom-css\" id=\"customcss-visualizer-505\">.locker,.locker-loader{position:absolute;top:0;left:0;width:100%;height:100%}.locker{z-index:1000;opacity:.8;background-color:#fff;-ms-filter:\"progid:DXImageTransform.Microsoft.Alpha(Opacity=80)\";filter:alpha(opacity=80)}.locker-loader{z-index:1001;background:url(https:\/\/www.tinas-autorenwelt.de\/wp-content\/plugins\/visualizer\/images\/ajax-loader.gif) no-repeat center center}.dt-button{display:none!important}.visualizer-front-container.visualizer-lazy-render{content-visibility: auto;}.google-visualization-controls-categoryfilter label.google-visualization-controls-label {vertical-align: middle;}.google-visualization-controls-categoryfilter li.goog-inline-block {margin: 0 0.2em;}.google-visualization-controls-categoryfilter li {padding: 0 0.2em;}.visualizer-front-container .dataTables_scrollHeadInner{margin: 0 auto;}<\/style><div id=\"visualizer-505-2055142045\" class=\"visualizer-front  visualizer-front-505\"><\/div><!-- Not showing structured data for chart 505 because description is empty --><\/div>\n<h3><strong>Gelesen 2023<\/strong><\/h3>\n<ul>\n<li><span style=\"color: #800080;\">Nur drei Worte &#8211; <strong>H\u00f6rbuch<\/strong> (Jugendroman)<\/span><\/li>\n<li>Das Kind in mir will Achtsam Morden (Unterhaltungsroman)<\/li>\n<li>Jagd auf die Bestie (Thriller)<\/li>\n<li><span style=\"color: #800080;\">Friedhof der Kuscheltiere &#8211; <strong>H\u00f6rbuch<\/strong> (Horror)<\/span><\/li>\n<li><span style=\"color: #800080;\">D.I.Grace &#8211; Einer lebt, einer stirbt &#8211; <strong>H\u00f6rbuch<\/strong> (Thriller)<\/span><\/li>\n<\/ul>\n<h3><strong>Gelesen 2022<\/strong><\/h3>\n<ul>\n<li>Blutrausch (Thriller)<\/li>\n<li>Olivia Jones &#8211; Ungeschminkt (Biografie)<\/li>\n<li>Death Call (Thriller)<\/li>\n<li>Achtsam morden (Unterhaltungsroman)<\/li>\n<li>I am Death (Thriller)<\/li>\n<\/ul>\n<h3><strong>Gelesen 2021<\/strong><\/h3>\n<ul>\n<li><span style=\"color: #800080;\">Das Rosie-Resultat &#8211; <strong>H\u00f6rbuch<\/strong> (Familienroman)<\/span><\/li>\n<li>Die stille Bestie (Thriller)<\/li>\n<li>Offline (Psychothriller)<\/li>\n<li>Benjamin (Jugendroman)<\/li>\n<li>Der Knochenbrecher (Thriller)<\/li>\n<li>Larissas Lebenspoesie (Familienroman)<\/li>\n<li><span style=\"color: #800080;\">Harry Potter und die Kammer des Schreckens &#8211; <strong>H\u00f6rbuch<\/strong> (Fantasy)<\/span><\/li>\n<li>Dream man come true (Liebesroman)<\/li>\n<\/ul>\n<h3><strong>Gelesen 2020<\/strong><\/h3>\n<ul>\n<li>Die Tribute von Panem X (Science-Fiction)<\/li>\n<li><span style=\"color: #800080;\">Harry Potter und der Stein der Weisen &#8211; <strong>H\u00f6rbuch<\/strong> (Fantasy)<\/span><\/li>\n<li>Der Vollstrecker (Thriller)<\/li>\n<li>Der Kruzifixkiller (Thriller)<\/li>\n<li>Ohne ein einziges Wort (Liebesroman)<\/li>\n<li>Texten k\u00f6nnen (Fachbuch)<\/li>\n<li><span style=\"color: #800080;\">Es &#8211; <strong>H\u00f6rbuch<\/strong> (Horror)<\/span><\/li>\n<li>Totenk\u00fcnstler (Psycho-Thriller)<\/li>\n<li>Dragon Fire (Fantasy)<\/li>\n<li>Blackout (Thriller)<\/li>\n<li>Endless (Fantasy)<\/li>\n<\/ul>\n<h3><strong>Gelesen 2019<\/strong><\/h3>\n<ul>\n<li>In einem B\u00fcrgerkrieg kann es heiter werden (Autobiografisch)<\/li>\n<li>Der gl\u00fccklose Therapeut (Psychologie-Roman)<\/li>\n<li>Der Totschl\u00e4ger (Psycho-Thriller)<\/li>\n<li>Das Grab meiner Schwester (Krimi)<\/li>\n<li>Fairy &#8211; Band der Magie 3 (Fantasy)<\/li>\n<li>Liah &#8211; Band der Magie 2 (Fantasy)<\/li>\n<\/ul>\n<h3><strong>Gelesen 2018<\/strong><\/h3>\n<ul>\n<li>Desirezone (Fantasy)<\/li>\n<li>Dangerzone (Fantasy)<\/li>\n<li>Lost in the ember light (Krimi)<\/li>\n<li>Finding you (Liebesroman)<\/li>\n<li>Losing me (Liebesroman)<\/li>\n<\/ul>\n<h3><strong>Gelesen 2017<\/strong><\/h3>\n<ul>\n<li>Aeri &#8211; Band der Magie (Fantasy)<\/li>\n<li>Der D\u00e4mon von Naruel (Fantasy)<\/li>\n<li>Never say anything (Thriller)<\/li>\n<li>Frostfluch &#8211; Mythos Academy 2 (Fantasy)<\/li>\n<li><span style=\"color: #800080;\">Der Rosie-Effekt &#8211; <strong>H\u00f6rbuch<\/strong> (Liebesroman)<\/span><\/li>\n<li>Keiner wie wir (Liebesroman)<\/li>\n<li>Keiner wie er (Liebesroman)<\/li>\n<li>Gl\u00fcckssprung (Sciene Fiction-Liebesroman)<\/li>\n<\/ul>\n<h3><strong>Gelesen 2016<\/strong><\/h3>\n<ul>\n<li>M\u00e4chtiges Blut &#8211; Nachtahn 1 (Fantasy)<\/li>\n<li>Verschwunden (Krimi)<\/li>\n<li>Frostkuss &#8211; Mythos Academy 1 (Fantasy)<\/li>\n<li>The Wild Hunt (Horrorthriller)<\/li>\n<li>Herzenssprung (Science Fiction-Liebesroman)<\/li>\n<li>Keine wie sie (Liebesroman)<\/li>\n<li>Zweiundvierzig (Thriller)<\/li>\n<li><span style=\"color: #800080;\">Das Rosie-Projekt &#8211; <strong>H\u00f6rbuch<\/strong> (Liebesdrama)<\/span><\/li>\n<li>H\u00f6llenfeuer (Psychothriller)<\/li>\n<\/ul>\n<h3><strong>Gelesen 2015<\/strong><\/h3>\n<ul>\n<li>Liebessprung<\/li>\n<li>M\u00e4ngelexemplar<\/li>\n<li>Mister Aussichtslos<\/li>\n<\/ul>\n","protected":false},"excerpt":{"rendered":"<p>In meine Autorenwelt geh\u00f6ren nicht nur Ver\u00f6ffentlichungen von Projekten, die ich selbst schreibe, sondern auch B\u00fccher, die ich lese. Einerseits lese ich gern und viel, andererseits bieten B\u00fccher auch Anregungen f\u00fcr die eigene Schreibweise . Mein Wortschatz erweitert sich und ich lerne gleichzeitig, was mir nicht gef\u00e4llt und was ich anders schreiben w\u00fcrde. Meine B\u00fccher &hellip; <\/p>\n<p class=\"link-more\"><a href=\"https:\/\/www.tinas-autorenwelt.de\/?page_id=6\" class=\"more-link\"><span class=\"screen-reader-text\">\u201eIch lese gerne und viel &#8230;\u201c<\/span> weiterlesen<\/a><\/p>\n","protected":false},"author":1,"featured_media":428,"parent":0,"menu_order":4,"comment_status":"closed","ping_status":"closed","template":"","meta":{"footnotes":""},"class_list":["post-6","page","type-page","status-publish","has-post-thumbnail","hentry"],"yoast_head":"<!-- This site is optimized with the Yoast SEO plugin v26.2 - https:\/\/yoast.com\/wordpress\/plugins\/seo\/ -->\n<title>Ich lese gerne und viel ... - Tinas Autorenwelt<\/title>\n<meta name=\"description\" content=\"Neben eigenen Ver\u00f6ffentlichungen bin ich auch eine Leseratte. Hier findest du meine Lesestatistiken, Buchwunschliste und ausgelesene B\u00fccher.\" \/>\n<meta name=\"robots\" content=\"index, follow, max-snippet:-1, max-image-preview:large, max-video-preview:-1\" \/>\n<link rel=\"canonical\" href=\"https:\/\/www.tinas-autorenwelt.de\/?page_id=6\" \/>\n<meta property=\"og:locale\" content=\"de_DE\" \/>\n<meta property=\"og:type\" content=\"article\" \/>\n<meta property=\"og:title\" content=\"Ich lese gerne und viel ... - Tinas Autorenwelt\" \/>\n<meta property=\"og:description\" content=\"Neben eigenen Ver\u00f6ffentlichungen bin ich auch eine Leseratte. Hier findest du meine Lesestatistiken, Buchwunschliste und ausgelesene B\u00fccher.\" \/>\n<meta property=\"og:url\" content=\"https:\/\/www.tinas-autorenwelt.de\/?page_id=6\" \/>\n<meta property=\"og:site_name\" content=\"Tinas Autorenwelt - bunt und lebendig\" \/>\n<meta property=\"article:modified_time\" content=\"2023-08-18T08:39:00+00:00\" \/>\n<meta property=\"og:image\" content=\"https:\/\/www.tinas-autorenwelt.de\/wp-content\/uploads\/2019\/02\/WhatsApp-Image-2019-02-22-at-12.44.07.jpg\" \/>\n\t<meta property=\"og:image:width\" content=\"1435\" \/>\n\t<meta property=\"og:image:height\" content=\"582\" \/>\n\t<meta property=\"og:image:type\" content=\"image\/jpeg\" \/>\n<meta name=\"twitter:card\" content=\"summary_large_image\" \/>\n<meta name=\"twitter:label1\" content=\"Gesch\u00e4tzte Lesezeit\" \/>\n\t<meta name=\"twitter:data1\" content=\"5\u00a0Minuten\" \/>\n<script type=\"application\/ld+json\" class=\"yoast-schema-graph\">{\"@context\":\"https:\/\/schema.org\",\"@graph\":[{\"@type\":\"WebPage\",\"@id\":\"https:\/\/www.tinas-autorenwelt.de\/?page_id=6\",\"url\":\"https:\/\/www.tinas-autorenwelt.de\/?page_id=6\",\"name\":\"Ich lese gerne und viel ... - Tinas Autorenwelt\",\"isPartOf\":{\"@id\":\"https:\/\/www.tinas-autorenwelt.de\/#website\"},\"primaryImageOfPage\":{\"@id\":\"https:\/\/www.tinas-autorenwelt.de\/?page_id=6#primaryimage\"},\"image\":{\"@id\":\"https:\/\/www.tinas-autorenwelt.de\/?page_id=6#primaryimage\"},\"thumbnailUrl\":\"https:\/\/www.tinas-autorenwelt.de\/wp-content\/uploads\/2019\/02\/WhatsApp-Image-2019-02-22-at-12.44.07.jpg\",\"datePublished\":\"2016-01-04T12:04:15+00:00\",\"dateModified\":\"2023-08-18T08:39:00+00:00\",\"description\":\"Neben eigenen Ver\u00f6ffentlichungen bin ich auch eine Leseratte. Hier findest du meine Lesestatistiken, Buchwunschliste und ausgelesene B\u00fccher.\",\"breadcrumb\":{\"@id\":\"https:\/\/www.tinas-autorenwelt.de\/?page_id=6#breadcrumb\"},\"inLanguage\":\"de\",\"potentialAction\":[{\"@type\":\"ReadAction\",\"target\":[\"https:\/\/www.tinas-autorenwelt.de\/?page_id=6\"]}]},{\"@type\":\"ImageObject\",\"inLanguage\":\"de\",\"@id\":\"https:\/\/www.tinas-autorenwelt.de\/?page_id=6#primaryimage\",\"url\":\"https:\/\/www.tinas-autorenwelt.de\/wp-content\/uploads\/2019\/02\/WhatsApp-Image-2019-02-22-at-12.44.07.jpg\",\"contentUrl\":\"https:\/\/www.tinas-autorenwelt.de\/wp-content\/uploads\/2019\/02\/WhatsApp-Image-2019-02-22-at-12.44.07.jpg\",\"width\":1435,\"height\":582},{\"@type\":\"BreadcrumbList\",\"@id\":\"https:\/\/www.tinas-autorenwelt.de\/?page_id=6#breadcrumb\",\"itemListElement\":[{\"@type\":\"ListItem\",\"position\":1,\"name\":\"Startseite\",\"item\":\"https:\/\/www.tinas-autorenwelt.de\/\"},{\"@type\":\"ListItem\",\"position\":2,\"name\":\"Ich lese gerne und viel &#8230;\"}]},{\"@type\":\"WebSite\",\"@id\":\"https:\/\/www.tinas-autorenwelt.de\/#website\",\"url\":\"https:\/\/www.tinas-autorenwelt.de\/\",\"name\":\"Tinas Autorenwelt - bunt und lebendig\",\"description\":\"\",\"potentialAction\":[{\"@type\":\"SearchAction\",\"target\":{\"@type\":\"EntryPoint\",\"urlTemplate\":\"https:\/\/www.tinas-autorenwelt.de\/?s={search_term_string}\"},\"query-input\":{\"@type\":\"PropertyValueSpecification\",\"valueRequired\":true,\"valueName\":\"search_term_string\"}}],\"inLanguage\":\"de\"}]}<\/script>\n<!-- \/ Yoast SEO plugin. -->","yoast_head_json":{"title":"Ich lese gerne und viel ... - Tinas Autorenwelt","description":"Neben eigenen Ver\u00f6ffentlichungen bin ich auch eine Leseratte. Hier findest du meine Lesestatistiken, Buchwunschliste und ausgelesene B\u00fccher.","robots":{"index":"index","follow":"follow","max-snippet":"max-snippet:-1","max-image-preview":"max-image-preview:large","max-video-preview":"max-video-preview:-1"},"canonical":"https:\/\/www.tinas-autorenwelt.de\/?page_id=6","og_locale":"de_DE","og_type":"article","og_title":"Ich lese gerne und viel ... - Tinas Autorenwelt","og_description":"Neben eigenen Ver\u00f6ffentlichungen bin ich auch eine Leseratte. Hier findest du meine Lesestatistiken, Buchwunschliste und ausgelesene B\u00fccher.","og_url":"https:\/\/www.tinas-autorenwelt.de\/?page_id=6","og_site_name":"Tinas Autorenwelt - bunt und lebendig","article_modified_time":"2023-08-18T08:39:00+00:00","og_image":[{"width":1435,"height":582,"url":"https:\/\/www.tinas-autorenwelt.de\/wp-content\/uploads\/2019\/02\/WhatsApp-Image-2019-02-22-at-12.44.07.jpg","type":"image\/jpeg"}],"twitter_card":"summary_large_image","twitter_misc":{"Gesch\u00e4tzte Lesezeit":"5\u00a0Minuten"},"schema":{"@context":"https:\/\/schema.org","@graph":[{"@type":"WebPage","@id":"https:\/\/www.tinas-autorenwelt.de\/?page_id=6","url":"https:\/\/www.tinas-autorenwelt.de\/?page_id=6","name":"Ich lese gerne und viel ... - Tinas Autorenwelt","isPartOf":{"@id":"https:\/\/www.tinas-autorenwelt.de\/#website"},"primaryImageOfPage":{"@id":"https:\/\/www.tinas-autorenwelt.de\/?page_id=6#primaryimage"},"image":{"@id":"https:\/\/www.tinas-autorenwelt.de\/?page_id=6#primaryimage"},"thumbnailUrl":"https:\/\/www.tinas-autorenwelt.de\/wp-content\/uploads\/2019\/02\/WhatsApp-Image-2019-02-22-at-12.44.07.jpg","datePublished":"2016-01-04T12:04:15+00:00","dateModified":"2023-08-18T08:39:00+00:00","description":"Neben eigenen Ver\u00f6ffentlichungen bin ich auch eine Leseratte. Hier findest du meine Lesestatistiken, Buchwunschliste und ausgelesene B\u00fccher.","breadcrumb":{"@id":"https:\/\/www.tinas-autorenwelt.de\/?page_id=6#breadcrumb"},"inLanguage":"de","potentialAction":[{"@type":"ReadAction","target":["https:\/\/www.tinas-autorenwelt.de\/?page_id=6"]}]},{"@type":"ImageObject","inLanguage":"de","@id":"https:\/\/www.tinas-autorenwelt.de\/?page_id=6#primaryimage","url":"https:\/\/www.tinas-autorenwelt.de\/wp-content\/uploads\/2019\/02\/WhatsApp-Image-2019-02-22-at-12.44.07.jpg","contentUrl":"https:\/\/www.tinas-autorenwelt.de\/wp-content\/uploads\/2019\/02\/WhatsApp-Image-2019-02-22-at-12.44.07.jpg","width":1435,"height":582},{"@type":"BreadcrumbList","@id":"https:\/\/www.tinas-autorenwelt.de\/?page_id=6#breadcrumb","itemListElement":[{"@type":"ListItem","position":1,"name":"Startseite","item":"https:\/\/www.tinas-autorenwelt.de\/"},{"@type":"ListItem","position":2,"name":"Ich lese gerne und viel &#8230;"}]},{"@type":"WebSite","@id":"https:\/\/www.tinas-autorenwelt.de\/#website","url":"https:\/\/www.tinas-autorenwelt.de\/","name":"Tinas Autorenwelt - bunt und lebendig","description":"","potentialAction":[{"@type":"SearchAction","target":{"@type":"EntryPoint","urlTemplate":"https:\/\/www.tinas-autorenwelt.de\/?s={search_term_string}"},"query-input":{"@type":"PropertyValueSpecification","valueRequired":true,"valueName":"search_term_string"}}],"inLanguage":"de"}]}},"_links":{"self":[{"href":"https:\/\/www.tinas-autorenwelt.de\/index.php?rest_route=\/wp\/v2\/pages\/6","targetHints":{"allow":["GET"]}}],"collection":[{"href":"https:\/\/www.tinas-autorenwelt.de\/index.php?rest_route=\/wp\/v2\/pages"}],"about":[{"href":"https:\/\/www.tinas-autorenwelt.de\/index.php?rest_route=\/wp\/v2\/types\/page"}],"author":[{"embeddable":true,"href":"https:\/\/www.tinas-autorenwelt.de\/index.php?rest_route=\/wp\/v2\/users\/1"}],"replies":[{"embeddable":true,"href":"https:\/\/www.tinas-autorenwelt.de\/index.php?rest_route=%2Fwp%2Fv2%2Fcomments&post=6"}],"version-history":[{"count":84,"href":"https:\/\/www.tinas-autorenwelt.de\/index.php?rest_route=\/wp\/v2\/pages\/6\/revisions"}],"predecessor-version":[{"id":1310,"href":"https:\/\/www.tinas-autorenwelt.de\/index.php?rest_route=\/wp\/v2\/pages\/6\/revisions\/1310"}],"wp:featuredmedia":[{"embeddable":true,"href":"https:\/\/www.tinas-autorenwelt.de\/index.php?rest_route=\/wp\/v2\/media\/428"}],"wp:attachment":[{"href":"https:\/\/www.tinas-autorenwelt.de\/index.php?rest_route=%2Fwp%2Fv2%2Fmedia&parent=6"}],"curies":[{"name":"wp","href":"https:\/\/api.w.org\/{rel}","templated":true}]}}