{"id":436,"date":"2019-03-06T12:36:27","date_gmt":"2019-03-06T11:36:27","guid":{"rendered":"https:\/\/www.tinas-autorenwelt.de\/?page_id=436"},"modified":"2022-12-09T11:56:45","modified_gmt":"2022-12-09T10:56:45","slug":"liebe-ist-unvergaenglich-die-2-generation","status":"publish","type":"page","link":"https:\/\/www.tinas-autorenwelt.de\/?page_id=436","title":{"rendered":"Liebe ist unverg\u00e4nglich &#8211; die 2. Generation"},"content":{"rendered":"\n<p><strong>Titel:<\/strong> Liebe ist unverg\u00e4nglich &#8211; die 2. Generation<br><strong>Genre:<\/strong> Liebesgeschichte<br><strong>Autor:<\/strong> Tina Reinhardt<br><strong>Verlag:<\/strong> Books on Demand<br><strong>Erscheinungsdatum:<\/strong> 27.02.2019<br><strong>Format:<\/strong> Taschenbuch<br><strong>Seiten:<\/strong> 360<br><strong>Kosten:<\/strong> 12,99\u20ac<\/p>\n\n\n<div class=\"wp-block-image\">\n<figure class=\"aligncenter\"><img loading=\"lazy\" decoding=\"async\" width=\"195\" height=\"300\" src=\"https:\/\/www.tinas-autorenwelt.de\/wp-content\/uploads\/2019\/03\/Vorderseite-195x300.jpg\" alt=\"\" class=\"wp-image-437\" srcset=\"https:\/\/www.tinas-autorenwelt.de\/wp-content\/uploads\/2019\/03\/Vorderseite-195x300.jpg 195w, https:\/\/www.tinas-autorenwelt.de\/wp-content\/uploads\/2019\/03\/Vorderseite-768x1184.jpg 768w, https:\/\/www.tinas-autorenwelt.de\/wp-content\/uploads\/2019\/03\/Vorderseite-664x1024.jpg 664w, https:\/\/www.tinas-autorenwelt.de\/wp-content\/uploads\/2019\/03\/Vorderseite.jpg 1674w\" sizes=\"auto, (max-width: 195px) 100vw, 195px\" \/><\/figure><\/div>\n\n\n<h3 class=\"wp-block-heading\"><strong>Liebe ist unverg\u00e4nglich &#8211; die 2. Generation<\/strong><\/h3>\n\n\n\n<p>Erz\u00e4hlt wird, wie die Geschichte zwischen Jake und Katty endet. Werden sie zusammen die Zukunft erleben oder muss Katty das gemeinsame Kind allein gro\u00dfziehen? Welche Erfahrungen in Sachen Liebe wird die Tochter Emily 20 Jahre sp\u00e4ter machen? Das erz\u00e4hlt der Roman Liebe ist unverg\u00e4nglich &#8211; die 2. Generation.<\/p>\n\n\n\n<p><strong>Leserstimmen<\/strong> beschreiben das Buch als mitf\u00fchlenden Roman, gew\u00fcrzt mit Spannung und einem Hauch Erotik.<\/p>\n\n\n\n<p><a href=\"https:\/\/www.tinas-autorenwelt.de\/?page_id=218\" target=\"_blank\" rel=\"noopener noreferrer\">Hier<\/a> geht es zum ersten Teil der Liebesgeschichte. Erfahrt mehr dar\u00fcber, wie das Liebesdrama um Katty und Jake begann.<\/p>\n\n\n\n<!-- ### Begin BoD ShopWidget -->\n<div id=\"bodShopWidget_2684717_print\" class=\"bodShopWidget\"><\/div><script type=\"text\/javascript\">if(typeof checkLibExist == \"undefined\"){var script = document.createElement(\"script\");script.src =\"\/\/www.bod.de\/public\/js\/bod\/v1.1\/shopWidget.min.js\";script.type = \"text\/javascript\";document.head.appendChild(script);var checkLibExist = true;}if(typeof books === \"undefined\") var books=[];books.push({\"objID\":\"2684717\",\"swKey\":\"9b02ac146a05504129f80b04114e131d\",\"type\":\"print\",\"size\":\"large\",\"font\":\"nonSerif\",\"shadow\":true,\"contour\":true,\"coverContour\":true,\"fontColor\":\"#595757\",\"contourColor\":\"#FFFFFF\",\"shadowBtn\":true,\"contourBtn\":false,\"bgColor\":\"#FA8700\",\"btnFontColor\":\"#EBEBEB\",\"btnColor\":\"#B81A1A\",\"btnContourColor\":\"#ffffff\",\"shop\":\"de\",\"mandantShopUrl\":\"https:\/\/www.bod.de\/buchshop\",\"lang\":\"de\"});<\/script>\n<!-- ### End BoD ShopWidget -->\n","protected":false},"excerpt":{"rendered":"<p>Titel: Liebe ist unverg\u00e4nglich &#8211; die 2. GenerationGenre: LiebesgeschichteAutor: Tina ReinhardtVerlag: Books on DemandErscheinungsdatum: 27.02.2019Format: TaschenbuchSeiten: 360Kosten: 12,99\u20ac Liebe ist unverg\u00e4nglich &#8211; die 2. Generation Erz\u00e4hlt wird, wie die Geschichte zwischen Jake und Katty endet. Werden sie zusammen die Zukunft erleben oder muss Katty das gemeinsame Kind allein gro\u00dfziehen? Welche Erfahrungen in Sachen Liebe wird &hellip; <\/p>\n<p class=\"link-more\"><a href=\"https:\/\/www.tinas-autorenwelt.de\/?page_id=436\" class=\"more-link\"><span class=\"screen-reader-text\">\u201eLiebe ist unverg\u00e4nglich &#8211; die 2. Generation\u201c<\/span> weiterlesen<\/a><\/p>\n","protected":false},"author":1,"featured_media":0,"parent":129,"menu_order":0,"comment_status":"closed","ping_status":"closed","template":"","meta":{"footnotes":""},"class_list":["post-436","page","type-page","status-publish","hentry"],"yoast_head":"<!-- This site is optimized with the Yoast SEO plugin v26.2 - https:\/\/yoast.com\/wordpress\/plugins\/seo\/ -->\n<title>Liebe ist unverg\u00e4nglich - die 2. Generation - von der Autorin Tina Reinhardt<\/title>\n<meta name=\"description\" content=\"&quot;Liebe ist unverg\u00e4nglich - die 2. Generation&quot; ist mit Spannung und Erotik die Fortsetzung eines Liebesromans der Autorin Tina Reinhardt.\" \/>\n<meta name=\"robots\" content=\"index, follow, max-snippet:-1, max-image-preview:large, max-video-preview:-1\" \/>\n<link rel=\"canonical\" href=\"https:\/\/www.tinas-autorenwelt.de\/?page_id=436\" \/>\n<meta property=\"og:locale\" content=\"de_DE\" \/>\n<meta property=\"og:type\" content=\"article\" \/>\n<meta property=\"og:title\" content=\"Liebe ist unverg\u00e4nglich - die 2. Generation - von der Autorin Tina Reinhardt\" \/>\n<meta property=\"og:description\" content=\"&quot;Liebe ist unverg\u00e4nglich - die 2. Generation&quot; ist mit Spannung und Erotik die Fortsetzung eines Liebesromans der Autorin Tina Reinhardt.\" \/>\n<meta property=\"og:url\" content=\"https:\/\/www.tinas-autorenwelt.de\/?page_id=436\" \/>\n<meta property=\"og:site_name\" content=\"Tinas Autorenwelt - bunt und lebendig\" \/>\n<meta property=\"article:modified_time\" content=\"2022-12-09T10:56:45+00:00\" \/>\n<meta property=\"og:image\" content=\"https:\/\/www.tinas-autorenwelt.de\/wp-content\/uploads\/2019\/03\/Vorderseite-195x300.jpg\" \/>\n<meta name=\"twitter:card\" content=\"summary_large_image\" \/>\n<meta name=\"twitter:label1\" content=\"Gesch\u00e4tzte Lesezeit\" \/>\n\t<meta name=\"twitter:data1\" content=\"1\u00a0Minute\" \/>\n<script type=\"application\/ld+json\" class=\"yoast-schema-graph\">{\"@context\":\"https:\/\/schema.org\",\"@graph\":[{\"@type\":\"WebPage\",\"@id\":\"https:\/\/www.tinas-autorenwelt.de\/?page_id=436\",\"url\":\"https:\/\/www.tinas-autorenwelt.de\/?page_id=436\",\"name\":\"Liebe ist unverg\u00e4nglich - die 2. Generation - von der Autorin Tina Reinhardt\",\"isPartOf\":{\"@id\":\"https:\/\/www.tinas-autorenwelt.de\/#website\"},\"primaryImageOfPage\":{\"@id\":\"https:\/\/www.tinas-autorenwelt.de\/?page_id=436#primaryimage\"},\"image\":{\"@id\":\"https:\/\/www.tinas-autorenwelt.de\/?page_id=436#primaryimage\"},\"thumbnailUrl\":\"https:\/\/www.tinas-autorenwelt.de\/wp-content\/uploads\/2019\/03\/Vorderseite-195x300.jpg\",\"datePublished\":\"2019-03-06T11:36:27+00:00\",\"dateModified\":\"2022-12-09T10:56:45+00:00\",\"description\":\"\\\"Liebe ist unverg\u00e4nglich - die 2. Generation\\\" ist mit Spannung und Erotik die Fortsetzung eines Liebesromans der Autorin Tina Reinhardt.\",\"breadcrumb\":{\"@id\":\"https:\/\/www.tinas-autorenwelt.de\/?page_id=436#breadcrumb\"},\"inLanguage\":\"de\",\"potentialAction\":[{\"@type\":\"ReadAction\",\"target\":[\"https:\/\/www.tinas-autorenwelt.de\/?page_id=436\"]}]},{\"@type\":\"ImageObject\",\"inLanguage\":\"de\",\"@id\":\"https:\/\/www.tinas-autorenwelt.de\/?page_id=436#primaryimage\",\"url\":\"https:\/\/www.tinas-autorenwelt.de\/wp-content\/uploads\/2019\/03\/Vorderseite.jpg\",\"contentUrl\":\"https:\/\/www.tinas-autorenwelt.de\/wp-content\/uploads\/2019\/03\/Vorderseite.jpg\",\"width\":1674,\"height\":2581},{\"@type\":\"BreadcrumbList\",\"@id\":\"https:\/\/www.tinas-autorenwelt.de\/?page_id=436#breadcrumb\",\"itemListElement\":[{\"@type\":\"ListItem\",\"position\":1,\"name\":\"Startseite\",\"item\":\"https:\/\/www.tinas-autorenwelt.de\/\"},{\"@type\":\"ListItem\",\"position\":2,\"name\":\"Meine Ver\u00f6ffentlichungen\",\"item\":\"https:\/\/www.tinas-autorenwelt.de\/?page_id=129\"},{\"@type\":\"ListItem\",\"position\":3,\"name\":\"Liebe ist unverg\u00e4nglich &#8211; die 2. Generation\"}]},{\"@type\":\"WebSite\",\"@id\":\"https:\/\/www.tinas-autorenwelt.de\/#website\",\"url\":\"https:\/\/www.tinas-autorenwelt.de\/\",\"name\":\"Tinas Autorenwelt - bunt und lebendig\",\"description\":\"\",\"potentialAction\":[{\"@type\":\"SearchAction\",\"target\":{\"@type\":\"EntryPoint\",\"urlTemplate\":\"https:\/\/www.tinas-autorenwelt.de\/?s={search_term_string}\"},\"query-input\":{\"@type\":\"PropertyValueSpecification\",\"valueRequired\":true,\"valueName\":\"search_term_string\"}}],\"inLanguage\":\"de\"}]}<\/script>\n<!-- \/ Yoast SEO plugin. -->","yoast_head_json":{"title":"Liebe ist unverg\u00e4nglich - die 2. Generation - von der Autorin Tina Reinhardt","description":"\"Liebe ist unverg\u00e4nglich - die 2. Generation\" ist mit Spannung und Erotik die Fortsetzung eines Liebesromans der Autorin Tina Reinhardt.","robots":{"index":"index","follow":"follow","max-snippet":"max-snippet:-1","max-image-preview":"max-image-preview:large","max-video-preview":"max-video-preview:-1"},"canonical":"https:\/\/www.tinas-autorenwelt.de\/?page_id=436","og_locale":"de_DE","og_type":"article","og_title":"Liebe ist unverg\u00e4nglich - die 2. Generation - von der Autorin Tina Reinhardt","og_description":"\"Liebe ist unverg\u00e4nglich - die 2. Generation\" ist mit Spannung und Erotik die Fortsetzung eines Liebesromans der Autorin Tina Reinhardt.","og_url":"https:\/\/www.tinas-autorenwelt.de\/?page_id=436","og_site_name":"Tinas Autorenwelt - bunt und lebendig","article_modified_time":"2022-12-09T10:56:45+00:00","og_image":[{"url":"https:\/\/www.tinas-autorenwelt.de\/wp-content\/uploads\/2019\/03\/Vorderseite-195x300.jpg","type":"","width":"","height":""}],"twitter_card":"summary_large_image","twitter_misc":{"Gesch\u00e4tzte Lesezeit":"1\u00a0Minute"},"schema":{"@context":"https:\/\/schema.org","@graph":[{"@type":"WebPage","@id":"https:\/\/www.tinas-autorenwelt.de\/?page_id=436","url":"https:\/\/www.tinas-autorenwelt.de\/?page_id=436","name":"Liebe ist unverg\u00e4nglich - die 2. Generation - von der Autorin Tina Reinhardt","isPartOf":{"@id":"https:\/\/www.tinas-autorenwelt.de\/#website"},"primaryImageOfPage":{"@id":"https:\/\/www.tinas-autorenwelt.de\/?page_id=436#primaryimage"},"image":{"@id":"https:\/\/www.tinas-autorenwelt.de\/?page_id=436#primaryimage"},"thumbnailUrl":"https:\/\/www.tinas-autorenwelt.de\/wp-content\/uploads\/2019\/03\/Vorderseite-195x300.jpg","datePublished":"2019-03-06T11:36:27+00:00","dateModified":"2022-12-09T10:56:45+00:00","description":"\"Liebe ist unverg\u00e4nglich - die 2. Generation\" ist mit Spannung und Erotik die Fortsetzung eines Liebesromans der Autorin Tina Reinhardt.","breadcrumb":{"@id":"https:\/\/www.tinas-autorenwelt.de\/?page_id=436#breadcrumb"},"inLanguage":"de","potentialAction":[{"@type":"ReadAction","target":["https:\/\/www.tinas-autorenwelt.de\/?page_id=436"]}]},{"@type":"ImageObject","inLanguage":"de","@id":"https:\/\/www.tinas-autorenwelt.de\/?page_id=436#primaryimage","url":"https:\/\/www.tinas-autorenwelt.de\/wp-content\/uploads\/2019\/03\/Vorderseite.jpg","contentUrl":"https:\/\/www.tinas-autorenwelt.de\/wp-content\/uploads\/2019\/03\/Vorderseite.jpg","width":1674,"height":2581},{"@type":"BreadcrumbList","@id":"https:\/\/www.tinas-autorenwelt.de\/?page_id=436#breadcrumb","itemListElement":[{"@type":"ListItem","position":1,"name":"Startseite","item":"https:\/\/www.tinas-autorenwelt.de\/"},{"@type":"ListItem","position":2,"name":"Meine Ver\u00f6ffentlichungen","item":"https:\/\/www.tinas-autorenwelt.de\/?page_id=129"},{"@type":"ListItem","position":3,"name":"Liebe ist unverg\u00e4nglich &#8211; die 2. Generation"}]},{"@type":"WebSite","@id":"https:\/\/www.tinas-autorenwelt.de\/#website","url":"https:\/\/www.tinas-autorenwelt.de\/","name":"Tinas Autorenwelt - bunt und lebendig","description":"","potentialAction":[{"@type":"SearchAction","target":{"@type":"EntryPoint","urlTemplate":"https:\/\/www.tinas-autorenwelt.de\/?s={search_term_string}"},"query-input":{"@type":"PropertyValueSpecification","valueRequired":true,"valueName":"search_term_string"}}],"inLanguage":"de"}]}},"_links":{"self":[{"href":"https:\/\/www.tinas-autorenwelt.de\/index.php?rest_route=\/wp\/v2\/pages\/436","targetHints":{"allow":["GET"]}}],"collection":[{"href":"https:\/\/www.tinas-autorenwelt.de\/index.php?rest_route=\/wp\/v2\/pages"}],"about":[{"href":"https:\/\/www.tinas-autorenwelt.de\/index.php?rest_route=\/wp\/v2\/types\/page"}],"author":[{"embeddable":true,"href":"https:\/\/www.tinas-autorenwelt.de\/index.php?rest_route=\/wp\/v2\/users\/1"}],"replies":[{"embeddable":true,"href":"https:\/\/www.tinas-autorenwelt.de\/index.php?rest_route=%2Fwp%2Fv2%2Fcomments&post=436"}],"version-history":[{"count":5,"href":"https:\/\/www.tinas-autorenwelt.de\/index.php?rest_route=\/wp\/v2\/pages\/436\/revisions"}],"predecessor-version":[{"id":1253,"href":"https:\/\/www.tinas-autorenwelt.de\/index.php?rest_route=\/wp\/v2\/pages\/436\/revisions\/1253"}],"up":[{"embeddable":true,"href":"https:\/\/www.tinas-autorenwelt.de\/index.php?rest_route=\/wp\/v2\/pages\/129"}],"wp:attachment":[{"href":"https:\/\/www.tinas-autorenwelt.de\/index.php?rest_route=%2Fwp%2Fv2%2Fmedia&parent=436"}],"curies":[{"name":"wp","href":"https:\/\/api.w.org\/{rel}","templated":true}]}}