{"id":334,"date":"2018-04-18T20:36:35","date_gmt":"2018-04-18T18:36:35","guid":{"rendered":"https:\/\/www.tinas-autorenwelt.de\/?page_id=334"},"modified":"2022-12-09T11:54:42","modified_gmt":"2022-12-09T10:54:42","slug":"funkenkrieg-nanowrimo-2017","status":"publish","type":"page","link":"https:\/\/www.tinas-autorenwelt.de\/?page_id=334","title":{"rendered":"Funkenkrieg &#8211; NaNoWriMo 2017"},"content":{"rendered":"\n<p><strong>Titel:<\/strong> Funkenkrieg<br><strong>Genre:<\/strong> Fantasy<br><strong>Autor:<\/strong> Tina Reinhardt<br><strong>Verlag:<\/strong> Books on Demand<br><strong>Erscheinungsdatum:<\/strong> 18.04.2018<br><strong>Format:<\/strong> Taschenbuch<br><strong>Seiten:<\/strong> 224<br><strong>Kosten:<\/strong> 9,90\u20ac<\/p>\n\n\n<div class=\"wp-block-image\">\n<figure class=\"aligncenter\"><img loading=\"lazy\" decoding=\"async\" width=\"188\" height=\"300\" src=\"https:\/\/www.tinas-autorenwelt.de\/wp-content\/uploads\/2018\/04\/Vorderseite_Farbe-188x300.jpg\" alt=\"\" class=\"wp-image-331\" srcset=\"https:\/\/www.tinas-autorenwelt.de\/wp-content\/uploads\/2018\/04\/Vorderseite_Farbe-188x300.jpg 188w, https:\/\/www.tinas-autorenwelt.de\/wp-content\/uploads\/2018\/04\/Vorderseite_Farbe-768x1224.jpg 768w, https:\/\/www.tinas-autorenwelt.de\/wp-content\/uploads\/2018\/04\/Vorderseite_Farbe-643x1024.jpg 643w, https:\/\/www.tinas-autorenwelt.de\/wp-content\/uploads\/2018\/04\/Vorderseite_Farbe.jpg 1594w\" sizes=\"auto, (max-width: 188px) 100vw, 188px\" \/><\/figure><\/div>\n\n\n<h3 class=\"wp-block-heading\">&nbsp;<\/h3>\n\n\n\n<h3 class=\"wp-block-heading\"><strong>In einer Welt, lange nach den Menschen:<\/strong><\/h3>\n\n\n\n<p>Gestaltenwandler und Magier leben friedlich nebeneinander her. Doch als Penny ihren Bruder verl\u00e4sst und den Anf\u00fchrer der Wandler kennenlernt, hat der Frieden ein Ende. Die beiden zeugen ein Kind und die Angst vor einem Hybriden mit den F\u00e4higkeiten beider Rassen w\u00e4chst von Tag zu Tag in allen Erdbewohnern.<\/p>\n\n\n\n<p>Das Kind soll sterben, noch bevor es geboren wird. Tyron ist der Anf\u00fchrer der Magier und steht vor einer schweren Entscheidung. Soll er seine eigene Schwester t\u00f6ten? Doch Skylon will sein Kind und Penny sch\u00fctzen. Als Wolf an ihrer Seite sucht er einen Weg, den Funkenkrieg zu umgehen.<\/p>\n\n\n\n<p>Doch jede Seite hat ihre Anh\u00e4nger und ein zerst\u00f6rerischer Kampf nimmt seinen Anfang . . .<\/p>\n\n\n\n<p><strong>Leserstimmen<\/strong> beschreiben das Buch als eine fantasievolle Reise in die Welt der Magier und Gestaltenwandler, wobei deren Machtkampf, ausgel\u00f6st durch ein Liebesabenteuer, die Spannung bis zum Schluss aufrecht erh\u00e4lt.<\/p>\n\n\n\n<!-- ### Begin BoD ShopWidget -->\n<div id=\"bodShopWidget_2329998_print\" class=\"bodShopWidget\"><\/div><script type=\"text\/javascript\">if(typeof checkLibExist == \"undefined\"){var script = document.createElement(\"script\");script.src =\"\/\/www.bod.de\/public\/js\/bod\/v1.1\/shopWidget.min.js\";script.type = \"text\/javascript\";document.head.appendChild(script);var checkLibExist = true;}if(typeof books === \"undefined\") var books=[];books.push({\"objID\":\"2329998\",\"swKey\":\"41d29c4264743e38cb37155884a97b45\",\"type\":\"print\",\"size\":\"large\",\"font\":\"nonSerif\",\"shadow\":true,\"contour\":true,\"coverContour\":true,\"fontColor\":\"#C6C6C6\",\"contourColor\":\"#FFFFFF\",\"shadowBtn\":true,\"contourBtn\":false,\"bgColor\":\"#281D30\",\"btnFontColor\":\"#EBEBEB\",\"btnColor\":\"#833333\",\"btnContourColor\":\"#ffffff\",\"shop\":\"de\",\"mandantShopUrl\":\"https:\/\/www.bod.de\/buchshop\",\"lang\":\"de\"});<\/script>\n<!-- ### End BoD ShopWidget -->\n","protected":false},"excerpt":{"rendered":"<p>Titel: FunkenkriegGenre: FantasyAutor: Tina ReinhardtVerlag: Books on DemandErscheinungsdatum: 18.04.2018Format: TaschenbuchSeiten: 224Kosten: 9,90\u20ac &nbsp; In einer Welt, lange nach den Menschen: Gestaltenwandler und Magier leben friedlich nebeneinander her. Doch als Penny ihren Bruder verl\u00e4sst und den Anf\u00fchrer der Wandler kennenlernt, hat der Frieden ein Ende. Die beiden zeugen ein Kind und die Angst vor einem Hybriden &hellip; <\/p>\n<p class=\"link-more\"><a href=\"https:\/\/www.tinas-autorenwelt.de\/?page_id=334\" class=\"more-link\"><span class=\"screen-reader-text\">\u201eFunkenkrieg &#8211; NaNoWriMo 2017\u201c<\/span> weiterlesen<\/a><\/p>\n","protected":false},"author":1,"featured_media":0,"parent":129,"menu_order":0,"comment_status":"closed","ping_status":"closed","template":"","meta":{"footnotes":""},"class_list":["post-334","page","type-page","status-publish","hentry"],"yoast_head":"<!-- This site is optimized with the Yoast SEO plugin v26.2 - https:\/\/yoast.com\/wordpress\/plugins\/seo\/ -->\n<title>Funkenkrieg - Ein Fantasyroman der Autorin Tina Reinhardt<\/title>\n<meta name=\"description\" content=\"Der Fantasyroman &quot;Funkenkrieg&quot; ist ein Werk des Projektes NaNoWriMo. Die Autorin Tina Reinhardt hat das Ergebnis dieser Roman-Challenge 2018 ver\u00f6ffentlicht.\" \/>\n<meta name=\"robots\" content=\"index, follow, max-snippet:-1, max-image-preview:large, max-video-preview:-1\" \/>\n<link rel=\"canonical\" href=\"https:\/\/www.tinas-autorenwelt.de\/?page_id=334\" \/>\n<meta property=\"og:locale\" content=\"de_DE\" \/>\n<meta property=\"og:type\" content=\"article\" \/>\n<meta property=\"og:title\" content=\"Funkenkrieg - Ein Fantasyroman der Autorin Tina Reinhardt\" \/>\n<meta property=\"og:description\" content=\"Der Fantasyroman &quot;Funkenkrieg&quot; ist ein Werk des Projektes NaNoWriMo. Die Autorin Tina Reinhardt hat das Ergebnis dieser Roman-Challenge 2018 ver\u00f6ffentlicht.\" \/>\n<meta property=\"og:url\" content=\"https:\/\/www.tinas-autorenwelt.de\/?page_id=334\" \/>\n<meta property=\"og:site_name\" content=\"Tinas Autorenwelt - bunt und lebendig\" \/>\n<meta property=\"article:modified_time\" content=\"2022-12-09T10:54:42+00:00\" \/>\n<meta property=\"og:image\" content=\"https:\/\/www.tinas-autorenwelt.de\/wp-content\/uploads\/2018\/04\/Vorderseite_Farbe-188x300.jpg\" \/>\n<meta name=\"twitter:card\" content=\"summary_large_image\" \/>\n<meta name=\"twitter:label1\" content=\"Gesch\u00e4tzte Lesezeit\" \/>\n\t<meta name=\"twitter:data1\" content=\"2\u00a0Minuten\" \/>\n<script type=\"application\/ld+json\" class=\"yoast-schema-graph\">{\"@context\":\"https:\/\/schema.org\",\"@graph\":[{\"@type\":\"WebPage\",\"@id\":\"https:\/\/www.tinas-autorenwelt.de\/?page_id=334\",\"url\":\"https:\/\/www.tinas-autorenwelt.de\/?page_id=334\",\"name\":\"Funkenkrieg - Ein Fantasyroman der Autorin Tina Reinhardt\",\"isPartOf\":{\"@id\":\"https:\/\/www.tinas-autorenwelt.de\/#website\"},\"primaryImageOfPage\":{\"@id\":\"https:\/\/www.tinas-autorenwelt.de\/?page_id=334#primaryimage\"},\"image\":{\"@id\":\"https:\/\/www.tinas-autorenwelt.de\/?page_id=334#primaryimage\"},\"thumbnailUrl\":\"https:\/\/www.tinas-autorenwelt.de\/wp-content\/uploads\/2018\/04\/Vorderseite_Farbe-188x300.jpg\",\"datePublished\":\"2018-04-18T18:36:35+00:00\",\"dateModified\":\"2022-12-09T10:54:42+00:00\",\"description\":\"Der Fantasyroman \\\"Funkenkrieg\\\" ist ein Werk des Projektes NaNoWriMo. Die Autorin Tina Reinhardt hat das Ergebnis dieser Roman-Challenge 2018 ver\u00f6ffentlicht.\",\"breadcrumb\":{\"@id\":\"https:\/\/www.tinas-autorenwelt.de\/?page_id=334#breadcrumb\"},\"inLanguage\":\"de\",\"potentialAction\":[{\"@type\":\"ReadAction\",\"target\":[\"https:\/\/www.tinas-autorenwelt.de\/?page_id=334\"]}]},{\"@type\":\"ImageObject\",\"inLanguage\":\"de\",\"@id\":\"https:\/\/www.tinas-autorenwelt.de\/?page_id=334#primaryimage\",\"url\":\"https:\/\/www.tinas-autorenwelt.de\/wp-content\/uploads\/2018\/04\/Vorderseite_Farbe.jpg\",\"contentUrl\":\"https:\/\/www.tinas-autorenwelt.de\/wp-content\/uploads\/2018\/04\/Vorderseite_Farbe.jpg\",\"width\":1594,\"height\":2540},{\"@type\":\"BreadcrumbList\",\"@id\":\"https:\/\/www.tinas-autorenwelt.de\/?page_id=334#breadcrumb\",\"itemListElement\":[{\"@type\":\"ListItem\",\"position\":1,\"name\":\"Startseite\",\"item\":\"https:\/\/www.tinas-autorenwelt.de\/\"},{\"@type\":\"ListItem\",\"position\":2,\"name\":\"Meine Ver\u00f6ffentlichungen\",\"item\":\"https:\/\/www.tinas-autorenwelt.de\/?page_id=129\"},{\"@type\":\"ListItem\",\"position\":3,\"name\":\"Funkenkrieg &#8211; NaNoWriMo 2017\"}]},{\"@type\":\"WebSite\",\"@id\":\"https:\/\/www.tinas-autorenwelt.de\/#website\",\"url\":\"https:\/\/www.tinas-autorenwelt.de\/\",\"name\":\"Tinas Autorenwelt - bunt und lebendig\",\"description\":\"\",\"potentialAction\":[{\"@type\":\"SearchAction\",\"target\":{\"@type\":\"EntryPoint\",\"urlTemplate\":\"https:\/\/www.tinas-autorenwelt.de\/?s={search_term_string}\"},\"query-input\":{\"@type\":\"PropertyValueSpecification\",\"valueRequired\":true,\"valueName\":\"search_term_string\"}}],\"inLanguage\":\"de\"}]}<\/script>\n<!-- \/ Yoast SEO plugin. -->","yoast_head_json":{"title":"Funkenkrieg - Ein Fantasyroman der Autorin Tina Reinhardt","description":"Der Fantasyroman \"Funkenkrieg\" ist ein Werk des Projektes NaNoWriMo. Die Autorin Tina Reinhardt hat das Ergebnis dieser Roman-Challenge 2018 ver\u00f6ffentlicht.","robots":{"index":"index","follow":"follow","max-snippet":"max-snippet:-1","max-image-preview":"max-image-preview:large","max-video-preview":"max-video-preview:-1"},"canonical":"https:\/\/www.tinas-autorenwelt.de\/?page_id=334","og_locale":"de_DE","og_type":"article","og_title":"Funkenkrieg - Ein Fantasyroman der Autorin Tina Reinhardt","og_description":"Der Fantasyroman \"Funkenkrieg\" ist ein Werk des Projektes NaNoWriMo. Die Autorin Tina Reinhardt hat das Ergebnis dieser Roman-Challenge 2018 ver\u00f6ffentlicht.","og_url":"https:\/\/www.tinas-autorenwelt.de\/?page_id=334","og_site_name":"Tinas Autorenwelt - bunt und lebendig","article_modified_time":"2022-12-09T10:54:42+00:00","og_image":[{"url":"https:\/\/www.tinas-autorenwelt.de\/wp-content\/uploads\/2018\/04\/Vorderseite_Farbe-188x300.jpg","type":"","width":"","height":""}],"twitter_card":"summary_large_image","twitter_misc":{"Gesch\u00e4tzte Lesezeit":"2\u00a0Minuten"},"schema":{"@context":"https:\/\/schema.org","@graph":[{"@type":"WebPage","@id":"https:\/\/www.tinas-autorenwelt.de\/?page_id=334","url":"https:\/\/www.tinas-autorenwelt.de\/?page_id=334","name":"Funkenkrieg - Ein Fantasyroman der Autorin Tina Reinhardt","isPartOf":{"@id":"https:\/\/www.tinas-autorenwelt.de\/#website"},"primaryImageOfPage":{"@id":"https:\/\/www.tinas-autorenwelt.de\/?page_id=334#primaryimage"},"image":{"@id":"https:\/\/www.tinas-autorenwelt.de\/?page_id=334#primaryimage"},"thumbnailUrl":"https:\/\/www.tinas-autorenwelt.de\/wp-content\/uploads\/2018\/04\/Vorderseite_Farbe-188x300.jpg","datePublished":"2018-04-18T18:36:35+00:00","dateModified":"2022-12-09T10:54:42+00:00","description":"Der Fantasyroman \"Funkenkrieg\" ist ein Werk des Projektes NaNoWriMo. Die Autorin Tina Reinhardt hat das Ergebnis dieser Roman-Challenge 2018 ver\u00f6ffentlicht.","breadcrumb":{"@id":"https:\/\/www.tinas-autorenwelt.de\/?page_id=334#breadcrumb"},"inLanguage":"de","potentialAction":[{"@type":"ReadAction","target":["https:\/\/www.tinas-autorenwelt.de\/?page_id=334"]}]},{"@type":"ImageObject","inLanguage":"de","@id":"https:\/\/www.tinas-autorenwelt.de\/?page_id=334#primaryimage","url":"https:\/\/www.tinas-autorenwelt.de\/wp-content\/uploads\/2018\/04\/Vorderseite_Farbe.jpg","contentUrl":"https:\/\/www.tinas-autorenwelt.de\/wp-content\/uploads\/2018\/04\/Vorderseite_Farbe.jpg","width":1594,"height":2540},{"@type":"BreadcrumbList","@id":"https:\/\/www.tinas-autorenwelt.de\/?page_id=334#breadcrumb","itemListElement":[{"@type":"ListItem","position":1,"name":"Startseite","item":"https:\/\/www.tinas-autorenwelt.de\/"},{"@type":"ListItem","position":2,"name":"Meine Ver\u00f6ffentlichungen","item":"https:\/\/www.tinas-autorenwelt.de\/?page_id=129"},{"@type":"ListItem","position":3,"name":"Funkenkrieg &#8211; NaNoWriMo 2017"}]},{"@type":"WebSite","@id":"https:\/\/www.tinas-autorenwelt.de\/#website","url":"https:\/\/www.tinas-autorenwelt.de\/","name":"Tinas Autorenwelt - bunt und lebendig","description":"","potentialAction":[{"@type":"SearchAction","target":{"@type":"EntryPoint","urlTemplate":"https:\/\/www.tinas-autorenwelt.de\/?s={search_term_string}"},"query-input":{"@type":"PropertyValueSpecification","valueRequired":true,"valueName":"search_term_string"}}],"inLanguage":"de"}]}},"_links":{"self":[{"href":"https:\/\/www.tinas-autorenwelt.de\/index.php?rest_route=\/wp\/v2\/pages\/334","targetHints":{"allow":["GET"]}}],"collection":[{"href":"https:\/\/www.tinas-autorenwelt.de\/index.php?rest_route=\/wp\/v2\/pages"}],"about":[{"href":"https:\/\/www.tinas-autorenwelt.de\/index.php?rest_route=\/wp\/v2\/types\/page"}],"author":[{"embeddable":true,"href":"https:\/\/www.tinas-autorenwelt.de\/index.php?rest_route=\/wp\/v2\/users\/1"}],"replies":[{"embeddable":true,"href":"https:\/\/www.tinas-autorenwelt.de\/index.php?rest_route=%2Fwp%2Fv2%2Fcomments&post=334"}],"version-history":[{"count":6,"href":"https:\/\/www.tinas-autorenwelt.de\/index.php?rest_route=\/wp\/v2\/pages\/334\/revisions"}],"predecessor-version":[{"id":1252,"href":"https:\/\/www.tinas-autorenwelt.de\/index.php?rest_route=\/wp\/v2\/pages\/334\/revisions\/1252"}],"up":[{"embeddable":true,"href":"https:\/\/www.tinas-autorenwelt.de\/index.php?rest_route=\/wp\/v2\/pages\/129"}],"wp:attachment":[{"href":"https:\/\/www.tinas-autorenwelt.de\/index.php?rest_route=%2Fwp%2Fv2%2Fmedia&parent=334"}],"curies":[{"name":"wp","href":"https:\/\/api.w.org\/{rel}","templated":true}]}}