{"id":2,"date":"2016-01-04T11:37:49","date_gmt":"2016-01-04T10:37:49","guid":{"rendered":"http:\/\/www.familie-reinhardt.de\/tinas-autorenwelt\/?page_id=2"},"modified":"2022-12-08T14:25:12","modified_gmt":"2022-12-08T13:25:12","slug":"ueber-mich","status":"publish","type":"page","link":"https:\/\/www.tinas-autorenwelt.de\/","title":{"rendered":"\u00dcber mich"},"content":{"rendered":"\n<p>Sch\u00f6n, dass du auf meiner Autoren-Webseite gelandet bist und mehr \u00fcber mich erfahren m\u00f6chtest. Tinas Autorenwelt ist bunt und lebendig und ich w\u00fcnsche dir einen ganz wundervollen Tag sowie ein L\u00e4cheln im Gesicht \ud83d\ude42 <\/p>\n\n\n\n<figure class=\"wp-block-gallery has-nested-images columns-default is-cropped wp-block-gallery-1 is-layout-flex wp-block-gallery-is-layout-flex\">\n<figure class=\"wp-block-image size-large\"><img loading=\"lazy\" decoding=\"async\" width=\"1431\" height=\"1908\" data-id=\"1216\" src=\"https:\/\/www.tinas-autorenwelt.de\/wp-content\/uploads\/2022\/07\/Tina-2022-3.jpg\" alt=\"\" class=\"wp-image-1216\" srcset=\"https:\/\/www.tinas-autorenwelt.de\/wp-content\/uploads\/2022\/07\/Tina-2022-3.jpg 1431w, https:\/\/www.tinas-autorenwelt.de\/wp-content\/uploads\/2022\/07\/Tina-2022-3-225x300.jpg 225w, https:\/\/www.tinas-autorenwelt.de\/wp-content\/uploads\/2022\/07\/Tina-2022-3-768x1024.jpg 768w, https:\/\/www.tinas-autorenwelt.de\/wp-content\/uploads\/2022\/07\/Tina-2022-3-1152x1536.jpg 1152w\" sizes=\"auto, (max-width: 767px) 89vw, (max-width: 1000px) 54vw, (max-width: 1071px) 543px, 580px\" \/><\/figure>\n\n\n\n<figure class=\"wp-block-image size-large\"><img loading=\"lazy\" decoding=\"async\" width=\"1431\" height=\"1908\" data-id=\"1213\" src=\"https:\/\/www.tinas-autorenwelt.de\/wp-content\/uploads\/2022\/07\/Tina-2022.jpg\" alt=\"\" class=\"wp-image-1213\" srcset=\"https:\/\/www.tinas-autorenwelt.de\/wp-content\/uploads\/2022\/07\/Tina-2022.jpg 1431w, https:\/\/www.tinas-autorenwelt.de\/wp-content\/uploads\/2022\/07\/Tina-2022-225x300.jpg 225w, https:\/\/www.tinas-autorenwelt.de\/wp-content\/uploads\/2022\/07\/Tina-2022-768x1024.jpg 768w, https:\/\/www.tinas-autorenwelt.de\/wp-content\/uploads\/2022\/07\/Tina-2022-1152x1536.jpg 1152w\" sizes=\"auto, (max-width: 767px) 89vw, (max-width: 1000px) 54vw, (max-width: 1071px) 543px, 580px\" \/><\/figure>\n<\/figure>\n\n\n\n<p>Mein Name ist Tina und ich bin eine junge Autorin aus dem Raum Frankfurt. Im Jahr 2015 machte ich mich als Texterin selbstst\u00e4ndig und im gleichen Jahr begann ich mein erstes Buchprojekt. Mittlerweile habe ich mehrere Romane und Ausf\u00fcllb\u00fccher ver\u00f6ffentlicht. Auf dieser Seite m\u00f6chte ich dich \u00fcber meine Schreibprojekte und \u00fcber B\u00fccher, die ich lese und gern lesen m\u00f6chte informieren.<\/p>\n\n\n\n<p>Nat\u00fcrlich freue ich mich \u00fcber jede Leserin und jeden Leser, der mich in meiner Autorenwelt begleitet.<\/p>\n\n\n\n<p>Du darfst mich gern auch auf <a href=\"https:\/\/www.facebook.com\/Tinas-Autorenwelt-807155449410928\/?skip_nax_wizard=true\">Facebook<\/a> oder <a href=\"https:\/\/www.instagram.com\/tinasautorenwelt\/?hl=de\" target=\"_blank\" rel=\"noopener\">Instagram<\/a>&nbsp; besuchen und mir folgen. Dann verpasst du auch keine spannenden Aktionen auf meinen Profilen der Sozialen Netzwerke.<\/p>\n","protected":false},"excerpt":{"rendered":"<p>Sch\u00f6n, dass du auf meiner Autoren-Webseite gelandet bist und mehr \u00fcber mich erfahren m\u00f6chtest. Tinas Autorenwelt ist bunt und lebendig und ich w\u00fcnsche dir einen ganz wundervollen Tag sowie ein L\u00e4cheln im Gesicht \ud83d\ude42 Mein Name ist Tina und ich bin eine junge Autorin aus dem Raum Frankfurt. Im Jahr 2015 machte ich mich als &hellip; <\/p>\n<p class=\"link-more\"><a href=\"https:\/\/www.tinas-autorenwelt.de\/\" class=\"more-link\"><span class=\"screen-reader-text\">\u201e\u00dcber mich\u201c<\/span> weiterlesen<\/a><\/p>\n","protected":false},"author":1,"featured_media":187,"parent":0,"menu_order":1,"comment_status":"closed","ping_status":"open","template":"","meta":{"footnotes":""},"class_list":["post-2","page","type-page","status-publish","has-post-thumbnail","hentry"],"yoast_head":"<!-- This site is optimized with the Yoast SEO plugin v26.2 - https:\/\/yoast.com\/wordpress\/plugins\/seo\/ -->\n<title>\u00dcber mich - Tinas Autorenwelt - bunt und lebendig<\/title>\n<meta name=\"description\" content=\"Auf Tinas Autorenwelt kannst du dir anschauen, welche B\u00fccher ich ver\u00f6ffentlicht habe und was mich als Autorin besch\u00e4ftigt.\" \/>\n<meta name=\"robots\" content=\"index, follow, max-snippet:-1, max-image-preview:large, max-video-preview:-1\" \/>\n<link rel=\"canonical\" href=\"https:\/\/www.tinas-autorenwelt.de\/\" \/>\n<meta property=\"og:locale\" content=\"de_DE\" \/>\n<meta property=\"og:type\" content=\"article\" \/>\n<meta property=\"og:title\" content=\"\u00dcber mich - Tinas Autorenwelt - bunt und lebendig\" \/>\n<meta property=\"og:description\" content=\"Auf Tinas Autorenwelt kannst du dir anschauen, welche B\u00fccher ich ver\u00f6ffentlicht habe und was mich als Autorin besch\u00e4ftigt.\" \/>\n<meta property=\"og:url\" content=\"https:\/\/www.tinas-autorenwelt.de\/\" \/>\n<meta property=\"og:site_name\" content=\"Tinas Autorenwelt - bunt und lebendig\" \/>\n<meta property=\"article:modified_time\" content=\"2022-12-08T13:25:12+00:00\" \/>\n<meta property=\"og:image\" content=\"https:\/\/www.tinas-autorenwelt.de\/wp-content\/uploads\/2017\/03\/address-book-2152429_1920.jpg\" \/>\n\t<meta property=\"og:image:width\" content=\"1920\" \/>\n\t<meta property=\"og:image:height\" content=\"1255\" \/>\n\t<meta property=\"og:image:type\" content=\"image\/jpeg\" \/>\n<meta name=\"twitter:card\" content=\"summary_large_image\" \/>\n<meta name=\"twitter:label1\" content=\"Gesch\u00e4tzte Lesezeit\" \/>\n\t<meta name=\"twitter:data1\" content=\"2\u00a0Minuten\" \/>\n<script type=\"application\/ld+json\" class=\"yoast-schema-graph\">{\"@context\":\"https:\/\/schema.org\",\"@graph\":[{\"@type\":\"WebPage\",\"@id\":\"https:\/\/www.tinas-autorenwelt.de\/\",\"url\":\"https:\/\/www.tinas-autorenwelt.de\/\",\"name\":\"\u00dcber mich - Tinas Autorenwelt - bunt und lebendig\",\"isPartOf\":{\"@id\":\"https:\/\/www.tinas-autorenwelt.de\/#website\"},\"primaryImageOfPage\":{\"@id\":\"https:\/\/www.tinas-autorenwelt.de\/#primaryimage\"},\"image\":{\"@id\":\"https:\/\/www.tinas-autorenwelt.de\/#primaryimage\"},\"thumbnailUrl\":\"https:\/\/www.tinas-autorenwelt.de\/wp-content\/uploads\/2017\/03\/address-book-2152429_1920.jpg\",\"datePublished\":\"2016-01-04T10:37:49+00:00\",\"dateModified\":\"2022-12-08T13:25:12+00:00\",\"description\":\"Auf Tinas Autorenwelt kannst du dir anschauen, welche B\u00fccher ich ver\u00f6ffentlicht habe und was mich als Autorin besch\u00e4ftigt.\",\"breadcrumb\":{\"@id\":\"https:\/\/www.tinas-autorenwelt.de\/#breadcrumb\"},\"inLanguage\":\"de\",\"potentialAction\":[{\"@type\":\"ReadAction\",\"target\":[\"https:\/\/www.tinas-autorenwelt.de\/\"]}]},{\"@type\":\"ImageObject\",\"inLanguage\":\"de\",\"@id\":\"https:\/\/www.tinas-autorenwelt.de\/#primaryimage\",\"url\":\"https:\/\/www.tinas-autorenwelt.de\/wp-content\/uploads\/2017\/03\/address-book-2152429_1920.jpg\",\"contentUrl\":\"https:\/\/www.tinas-autorenwelt.de\/wp-content\/uploads\/2017\/03\/address-book-2152429_1920.jpg\",\"width\":1920,\"height\":1255},{\"@type\":\"BreadcrumbList\",\"@id\":\"https:\/\/www.tinas-autorenwelt.de\/#breadcrumb\",\"itemListElement\":[{\"@type\":\"ListItem\",\"position\":1,\"name\":\"Startseite\",\"item\":\"https:\/\/www.tinas-autorenwelt.de\/\"},{\"@type\":\"ListItem\",\"position\":2,\"name\":\"\u00dcber mich\"}]},{\"@type\":\"WebSite\",\"@id\":\"https:\/\/www.tinas-autorenwelt.de\/#website\",\"url\":\"https:\/\/www.tinas-autorenwelt.de\/\",\"name\":\"Tinas Autorenwelt - bunt und lebendig\",\"description\":\"\",\"potentialAction\":[{\"@type\":\"SearchAction\",\"target\":{\"@type\":\"EntryPoint\",\"urlTemplate\":\"https:\/\/www.tinas-autorenwelt.de\/?s={search_term_string}\"},\"query-input\":{\"@type\":\"PropertyValueSpecification\",\"valueRequired\":true,\"valueName\":\"search_term_string\"}}],\"inLanguage\":\"de\"}]}<\/script>\n<!-- \/ Yoast SEO plugin. -->","yoast_head_json":{"title":"\u00dcber mich - Tinas Autorenwelt - bunt und lebendig","description":"Auf Tinas Autorenwelt kannst du dir anschauen, welche B\u00fccher ich ver\u00f6ffentlicht habe und was mich als Autorin besch\u00e4ftigt.","robots":{"index":"index","follow":"follow","max-snippet":"max-snippet:-1","max-image-preview":"max-image-preview:large","max-video-preview":"max-video-preview:-1"},"canonical":"https:\/\/www.tinas-autorenwelt.de\/","og_locale":"de_DE","og_type":"article","og_title":"\u00dcber mich - Tinas Autorenwelt - bunt und lebendig","og_description":"Auf Tinas Autorenwelt kannst du dir anschauen, welche B\u00fccher ich ver\u00f6ffentlicht habe und was mich als Autorin besch\u00e4ftigt.","og_url":"https:\/\/www.tinas-autorenwelt.de\/","og_site_name":"Tinas Autorenwelt - bunt und lebendig","article_modified_time":"2022-12-08T13:25:12+00:00","og_image":[{"width":1920,"height":1255,"url":"https:\/\/www.tinas-autorenwelt.de\/wp-content\/uploads\/2017\/03\/address-book-2152429_1920.jpg","type":"image\/jpeg"}],"twitter_card":"summary_large_image","twitter_misc":{"Gesch\u00e4tzte Lesezeit":"2\u00a0Minuten"},"schema":{"@context":"https:\/\/schema.org","@graph":[{"@type":"WebPage","@id":"https:\/\/www.tinas-autorenwelt.de\/","url":"https:\/\/www.tinas-autorenwelt.de\/","name":"\u00dcber mich - Tinas Autorenwelt - bunt und lebendig","isPartOf":{"@id":"https:\/\/www.tinas-autorenwelt.de\/#website"},"primaryImageOfPage":{"@id":"https:\/\/www.tinas-autorenwelt.de\/#primaryimage"},"image":{"@id":"https:\/\/www.tinas-autorenwelt.de\/#primaryimage"},"thumbnailUrl":"https:\/\/www.tinas-autorenwelt.de\/wp-content\/uploads\/2017\/03\/address-book-2152429_1920.jpg","datePublished":"2016-01-04T10:37:49+00:00","dateModified":"2022-12-08T13:25:12+00:00","description":"Auf Tinas Autorenwelt kannst du dir anschauen, welche B\u00fccher ich ver\u00f6ffentlicht habe und was mich als Autorin besch\u00e4ftigt.","breadcrumb":{"@id":"https:\/\/www.tinas-autorenwelt.de\/#breadcrumb"},"inLanguage":"de","potentialAction":[{"@type":"ReadAction","target":["https:\/\/www.tinas-autorenwelt.de\/"]}]},{"@type":"ImageObject","inLanguage":"de","@id":"https:\/\/www.tinas-autorenwelt.de\/#primaryimage","url":"https:\/\/www.tinas-autorenwelt.de\/wp-content\/uploads\/2017\/03\/address-book-2152429_1920.jpg","contentUrl":"https:\/\/www.tinas-autorenwelt.de\/wp-content\/uploads\/2017\/03\/address-book-2152429_1920.jpg","width":1920,"height":1255},{"@type":"BreadcrumbList","@id":"https:\/\/www.tinas-autorenwelt.de\/#breadcrumb","itemListElement":[{"@type":"ListItem","position":1,"name":"Startseite","item":"https:\/\/www.tinas-autorenwelt.de\/"},{"@type":"ListItem","position":2,"name":"\u00dcber mich"}]},{"@type":"WebSite","@id":"https:\/\/www.tinas-autorenwelt.de\/#website","url":"https:\/\/www.tinas-autorenwelt.de\/","name":"Tinas Autorenwelt - bunt und lebendig","description":"","potentialAction":[{"@type":"SearchAction","target":{"@type":"EntryPoint","urlTemplate":"https:\/\/www.tinas-autorenwelt.de\/?s={search_term_string}"},"query-input":{"@type":"PropertyValueSpecification","valueRequired":true,"valueName":"search_term_string"}}],"inLanguage":"de"}]}},"_links":{"self":[{"href":"https:\/\/www.tinas-autorenwelt.de\/index.php?rest_route=\/wp\/v2\/pages\/2","targetHints":{"allow":["GET"]}}],"collection":[{"href":"https:\/\/www.tinas-autorenwelt.de\/index.php?rest_route=\/wp\/v2\/pages"}],"about":[{"href":"https:\/\/www.tinas-autorenwelt.de\/index.php?rest_route=\/wp\/v2\/types\/page"}],"author":[{"embeddable":true,"href":"https:\/\/www.tinas-autorenwelt.de\/index.php?rest_route=\/wp\/v2\/users\/1"}],"replies":[{"embeddable":true,"href":"https:\/\/www.tinas-autorenwelt.de\/index.php?rest_route=%2Fwp%2Fv2%2Fcomments&post=2"}],"version-history":[{"count":12,"href":"https:\/\/www.tinas-autorenwelt.de\/index.php?rest_route=\/wp\/v2\/pages\/2\/revisions"}],"predecessor-version":[{"id":1237,"href":"https:\/\/www.tinas-autorenwelt.de\/index.php?rest_route=\/wp\/v2\/pages\/2\/revisions\/1237"}],"wp:featuredmedia":[{"embeddable":true,"href":"https:\/\/www.tinas-autorenwelt.de\/index.php?rest_route=\/wp\/v2\/media\/187"}],"wp:attachment":[{"href":"https:\/\/www.tinas-autorenwelt.de\/index.php?rest_route=%2Fwp%2Fv2%2Fmedia&parent=2"}],"curies":[{"name":"wp","href":"https:\/\/api.w.org\/{rel}","templated":true}]}}