{"id":1205,"date":"2022-06-29T09:09:12","date_gmt":"2022-06-29T07:09:12","guid":{"rendered":"https:\/\/www.tinas-autorenwelt.de\/?page_id=1205"},"modified":"2023-08-18T12:42:47","modified_gmt":"2023-08-18T10:42:47","slug":"fancynien-zwischen-herzschmerz-und-liebe","status":"publish","type":"page","link":"https:\/\/www.tinas-autorenwelt.de\/?page_id=1205","title":{"rendered":"Fancynien &#8211; zwischen Herzschmerz und Liebe"},"content":{"rendered":"\n<p><strong>Titel:<\/strong> Fancynien \u2013 zwischen Herzschmerz und Liebe<br><strong>Genre:<\/strong> Fantasy<br><strong>Autor:<\/strong> Tina Reinhardt<br><strong>Verlag:<\/strong> Books on Demand<br><strong>Erscheinungsdatum:<\/strong> 16.05.2022<br><strong>Format:<\/strong> Taschenbuch<br><strong>Seiten:<\/strong> 392<br><strong>Kosten:<\/strong> 17,99\u20ac<\/p>\n\n\n<div class=\"wp-block-image\">\n<figure class=\"aligncenter size-large is-resized\"><img loading=\"lazy\" decoding=\"async\" src=\"https:\/\/www.tinas-autorenwelt.de\/wp-content\/uploads\/2022\/06\/Vorderseite-640x1024.jpg\" alt=\"\" class=\"wp-image-1206\" width=\"160\" height=\"256\" srcset=\"https:\/\/www.tinas-autorenwelt.de\/wp-content\/uploads\/2022\/06\/Vorderseite-640x1024.jpg 640w, https:\/\/www.tinas-autorenwelt.de\/wp-content\/uploads\/2022\/06\/Vorderseite-188x300.jpg 188w, https:\/\/www.tinas-autorenwelt.de\/wp-content\/uploads\/2022\/06\/Vorderseite-768x1229.jpg 768w, https:\/\/www.tinas-autorenwelt.de\/wp-content\/uploads\/2022\/06\/Vorderseite-960x1536.jpg 960w, https:\/\/www.tinas-autorenwelt.de\/wp-content\/uploads\/2022\/06\/Vorderseite-1280x2048.jpg 1280w, https:\/\/www.tinas-autorenwelt.de\/wp-content\/uploads\/2022\/06\/Vorderseite.jpg 1600w\" sizes=\"auto, (max-width: 160px) 100vw, 160px\" \/><\/figure><\/div>\n\n\n<h2 class=\"wp-block-heading\"><strong>Fancynien \u2013 zwischen Herzschmerz und Liebe<\/strong><\/h2>\n\n\n\n<p>Nach mehreren Jahren auf der Dracheninsel zieht es Sira wieder zu ihrem Elternhaus. Gemeinsam mit Dorian reist sie zur\u00fcck in die Region der Menschen und ein Schicksalsschlag bringt sie aus der Fassung. Kurz darauf erf\u00e4hrt sie Neues \u00fcber ihre Vergangenheit. Au\u00dferdem muss sie feststellen, dass sie sich nicht mehr in einen Drachen verwandeln kann. In dieser Zeit scheint Dorian so weit weg zu sein. Viele \u00c4ngste und Zweifel plagen sie und langsam versucht sie, sich zur\u00fcck in ein friedvolles Leben zu k\u00e4mpfen. Doch da lauert noch ihr Erzfeind. Kann sie sich gegen ihn behaupten?<\/p>\n\n\n\n<p><strong>Leserstimmen<\/strong> beschreiben das Buch als emotionale Fortsetzung, voller spannender Entwicklungen.<\/p>\n\n\n\n<!-- ### Begin BoD ShopWidget -->\n<div id=\"bodShopWidget_3746750_print\" class=\"bodShopWidget\"><\/div><script type=\"text\/javascript\">if(typeof checkLibExist == \"undefined\"){var script = document.createElement(\"script\");script.src =\"\/\/www.bod.de\/public\/js\/bod\/v1.1\/shopWidget.min.js\";script.type = \"text\/javascript\";document.head.appendChild(script);var checkLibExist = true;}if(typeof books === \"undefined\") var books=[];books.push({\"objID\":\"3746750\",\"swKey\":\"8629b0763c25eb885282b526ddffe554\",\"type\":\"print\",\"size\":\"large\",\"font\":\"nonSerif\",\"shadow\":true,\"contour\":true,\"coverContour\":true,\"fontColor\":\"#040073\",\"contourColor\":\"#A40084\",\"shadowBtn\":true,\"contourBtn\":false,\"bgColor\":\"#FA6B6B\",\"btnFontColor\":\"#F5F6FD\",\"btnColor\":\"#A40084\",\"btnContourColor\":\"#ffffff\",\"shop\":\"de\",\"mandantShopUrl\":\"https:\/\/www.bod.de\/buchshop\",\"lang\":\"de\"});<\/script>\n<!-- ### End BoD ShopWidget -->\n","protected":false},"excerpt":{"rendered":"<p>Titel: Fancynien \u2013 zwischen Herzschmerz und LiebeGenre: FantasyAutor: Tina ReinhardtVerlag: Books on DemandErscheinungsdatum: 16.05.2022Format: TaschenbuchSeiten: 392Kosten: 17,99\u20ac Fancynien \u2013 zwischen Herzschmerz und Liebe Nach mehreren Jahren auf der Dracheninsel zieht es Sira wieder zu ihrem Elternhaus. Gemeinsam mit Dorian reist sie zur\u00fcck in die Region der Menschen und ein Schicksalsschlag bringt sie aus der Fassung. &hellip; <\/p>\n<p class=\"link-more\"><a href=\"https:\/\/www.tinas-autorenwelt.de\/?page_id=1205\" class=\"more-link\"><span class=\"screen-reader-text\">\u201eFancynien &#8211; zwischen Herzschmerz und Liebe\u201c<\/span> weiterlesen<\/a><\/p>\n","protected":false},"author":1,"featured_media":0,"parent":129,"menu_order":0,"comment_status":"closed","ping_status":"closed","template":"","meta":{"footnotes":""},"class_list":["post-1205","page","type-page","status-publish","hentry"],"yoast_head":"<!-- This site is optimized with the Yoast SEO plugin v26.2 - https:\/\/yoast.com\/wordpress\/plugins\/seo\/ -->\n<title>Fancynien - zwischen Herzschmerz und Liebe - Tinas Autorenwelt - bunt und lebendig<\/title>\n<meta name=\"robots\" content=\"index, follow, max-snippet:-1, max-image-preview:large, max-video-preview:-1\" \/>\n<link rel=\"canonical\" href=\"https:\/\/www.tinas-autorenwelt.de\/?page_id=1205\" \/>\n<meta property=\"og:locale\" content=\"de_DE\" \/>\n<meta property=\"og:type\" content=\"article\" \/>\n<meta property=\"og:title\" content=\"Fancynien - zwischen Herzschmerz und Liebe - Tinas Autorenwelt - bunt und lebendig\" \/>\n<meta property=\"og:description\" content=\"Titel: Fancynien \u2013 zwischen Herzschmerz und LiebeGenre: FantasyAutor: Tina ReinhardtVerlag: Books on DemandErscheinungsdatum: 16.05.2022Format: TaschenbuchSeiten: 392Kosten: 17,99\u20ac Fancynien \u2013 zwischen Herzschmerz und Liebe Nach mehreren Jahren auf der Dracheninsel zieht es Sira wieder zu ihrem Elternhaus. Gemeinsam mit Dorian reist sie zur\u00fcck in die Region der Menschen und ein Schicksalsschlag bringt sie aus der Fassung. &hellip; \u201eFancynien &#8211; zwischen Herzschmerz und Liebe\u201c weiterlesen\" \/>\n<meta property=\"og:url\" content=\"https:\/\/www.tinas-autorenwelt.de\/?page_id=1205\" \/>\n<meta property=\"og:site_name\" content=\"Tinas Autorenwelt - bunt und lebendig\" \/>\n<meta property=\"article:modified_time\" content=\"2023-08-18T10:42:47+00:00\" \/>\n<meta property=\"og:image\" content=\"https:\/\/www.tinas-autorenwelt.de\/wp-content\/uploads\/2022\/06\/Vorderseite-640x1024.jpg\" \/>\n<meta name=\"twitter:card\" content=\"summary_large_image\" \/>\n<meta name=\"twitter:label1\" content=\"Gesch\u00e4tzte Lesezeit\" \/>\n\t<meta name=\"twitter:data1\" content=\"1\u00a0Minute\" \/>\n<script type=\"application\/ld+json\" class=\"yoast-schema-graph\">{\"@context\":\"https:\/\/schema.org\",\"@graph\":[{\"@type\":\"WebPage\",\"@id\":\"https:\/\/www.tinas-autorenwelt.de\/?page_id=1205\",\"url\":\"https:\/\/www.tinas-autorenwelt.de\/?page_id=1205\",\"name\":\"Fancynien - zwischen Herzschmerz und Liebe - Tinas Autorenwelt - bunt und lebendig\",\"isPartOf\":{\"@id\":\"https:\/\/www.tinas-autorenwelt.de\/#website\"},\"primaryImageOfPage\":{\"@id\":\"https:\/\/www.tinas-autorenwelt.de\/?page_id=1205#primaryimage\"},\"image\":{\"@id\":\"https:\/\/www.tinas-autorenwelt.de\/?page_id=1205#primaryimage\"},\"thumbnailUrl\":\"https:\/\/www.tinas-autorenwelt.de\/wp-content\/uploads\/2022\/06\/Vorderseite-640x1024.jpg\",\"datePublished\":\"2022-06-29T07:09:12+00:00\",\"dateModified\":\"2023-08-18T10:42:47+00:00\",\"breadcrumb\":{\"@id\":\"https:\/\/www.tinas-autorenwelt.de\/?page_id=1205#breadcrumb\"},\"inLanguage\":\"de\",\"potentialAction\":[{\"@type\":\"ReadAction\",\"target\":[\"https:\/\/www.tinas-autorenwelt.de\/?page_id=1205\"]}]},{\"@type\":\"ImageObject\",\"inLanguage\":\"de\",\"@id\":\"https:\/\/www.tinas-autorenwelt.de\/?page_id=1205#primaryimage\",\"url\":\"https:\/\/www.tinas-autorenwelt.de\/wp-content\/uploads\/2022\/06\/Vorderseite.jpg\",\"contentUrl\":\"https:\/\/www.tinas-autorenwelt.de\/wp-content\/uploads\/2022\/06\/Vorderseite.jpg\",\"width\":1600,\"height\":2560},{\"@type\":\"BreadcrumbList\",\"@id\":\"https:\/\/www.tinas-autorenwelt.de\/?page_id=1205#breadcrumb\",\"itemListElement\":[{\"@type\":\"ListItem\",\"position\":1,\"name\":\"Startseite\",\"item\":\"https:\/\/www.tinas-autorenwelt.de\/\"},{\"@type\":\"ListItem\",\"position\":2,\"name\":\"Meine Ver\u00f6ffentlichungen\",\"item\":\"https:\/\/www.tinas-autorenwelt.de\/?page_id=129\"},{\"@type\":\"ListItem\",\"position\":3,\"name\":\"Fancynien &#8211; zwischen Herzschmerz und Liebe\"}]},{\"@type\":\"WebSite\",\"@id\":\"https:\/\/www.tinas-autorenwelt.de\/#website\",\"url\":\"https:\/\/www.tinas-autorenwelt.de\/\",\"name\":\"Tinas Autorenwelt - bunt und lebendig\",\"description\":\"\",\"potentialAction\":[{\"@type\":\"SearchAction\",\"target\":{\"@type\":\"EntryPoint\",\"urlTemplate\":\"https:\/\/www.tinas-autorenwelt.de\/?s={search_term_string}\"},\"query-input\":{\"@type\":\"PropertyValueSpecification\",\"valueRequired\":true,\"valueName\":\"search_term_string\"}}],\"inLanguage\":\"de\"}]}<\/script>\n<!-- \/ Yoast SEO plugin. -->","yoast_head_json":{"title":"Fancynien - zwischen Herzschmerz und Liebe - Tinas Autorenwelt - bunt und lebendig","robots":{"index":"index","follow":"follow","max-snippet":"max-snippet:-1","max-image-preview":"max-image-preview:large","max-video-preview":"max-video-preview:-1"},"canonical":"https:\/\/www.tinas-autorenwelt.de\/?page_id=1205","og_locale":"de_DE","og_type":"article","og_title":"Fancynien - zwischen Herzschmerz und Liebe - Tinas Autorenwelt - bunt und lebendig","og_description":"Titel: Fancynien \u2013 zwischen Herzschmerz und LiebeGenre: FantasyAutor: Tina ReinhardtVerlag: Books on DemandErscheinungsdatum: 16.05.2022Format: TaschenbuchSeiten: 392Kosten: 17,99\u20ac Fancynien \u2013 zwischen Herzschmerz und Liebe Nach mehreren Jahren auf der Dracheninsel zieht es Sira wieder zu ihrem Elternhaus. Gemeinsam mit Dorian reist sie zur\u00fcck in die Region der Menschen und ein Schicksalsschlag bringt sie aus der Fassung. &hellip; \u201eFancynien &#8211; zwischen Herzschmerz und Liebe\u201c weiterlesen","og_url":"https:\/\/www.tinas-autorenwelt.de\/?page_id=1205","og_site_name":"Tinas Autorenwelt - bunt und lebendig","article_modified_time":"2023-08-18T10:42:47+00:00","og_image":[{"url":"https:\/\/www.tinas-autorenwelt.de\/wp-content\/uploads\/2022\/06\/Vorderseite-640x1024.jpg","type":"","width":"","height":""}],"twitter_card":"summary_large_image","twitter_misc":{"Gesch\u00e4tzte Lesezeit":"1\u00a0Minute"},"schema":{"@context":"https:\/\/schema.org","@graph":[{"@type":"WebPage","@id":"https:\/\/www.tinas-autorenwelt.de\/?page_id=1205","url":"https:\/\/www.tinas-autorenwelt.de\/?page_id=1205","name":"Fancynien - zwischen Herzschmerz und Liebe - Tinas Autorenwelt - bunt und lebendig","isPartOf":{"@id":"https:\/\/www.tinas-autorenwelt.de\/#website"},"primaryImageOfPage":{"@id":"https:\/\/www.tinas-autorenwelt.de\/?page_id=1205#primaryimage"},"image":{"@id":"https:\/\/www.tinas-autorenwelt.de\/?page_id=1205#primaryimage"},"thumbnailUrl":"https:\/\/www.tinas-autorenwelt.de\/wp-content\/uploads\/2022\/06\/Vorderseite-640x1024.jpg","datePublished":"2022-06-29T07:09:12+00:00","dateModified":"2023-08-18T10:42:47+00:00","breadcrumb":{"@id":"https:\/\/www.tinas-autorenwelt.de\/?page_id=1205#breadcrumb"},"inLanguage":"de","potentialAction":[{"@type":"ReadAction","target":["https:\/\/www.tinas-autorenwelt.de\/?page_id=1205"]}]},{"@type":"ImageObject","inLanguage":"de","@id":"https:\/\/www.tinas-autorenwelt.de\/?page_id=1205#primaryimage","url":"https:\/\/www.tinas-autorenwelt.de\/wp-content\/uploads\/2022\/06\/Vorderseite.jpg","contentUrl":"https:\/\/www.tinas-autorenwelt.de\/wp-content\/uploads\/2022\/06\/Vorderseite.jpg","width":1600,"height":2560},{"@type":"BreadcrumbList","@id":"https:\/\/www.tinas-autorenwelt.de\/?page_id=1205#breadcrumb","itemListElement":[{"@type":"ListItem","position":1,"name":"Startseite","item":"https:\/\/www.tinas-autorenwelt.de\/"},{"@type":"ListItem","position":2,"name":"Meine Ver\u00f6ffentlichungen","item":"https:\/\/www.tinas-autorenwelt.de\/?page_id=129"},{"@type":"ListItem","position":3,"name":"Fancynien &#8211; zwischen Herzschmerz und Liebe"}]},{"@type":"WebSite","@id":"https:\/\/www.tinas-autorenwelt.de\/#website","url":"https:\/\/www.tinas-autorenwelt.de\/","name":"Tinas Autorenwelt - bunt und lebendig","description":"","potentialAction":[{"@type":"SearchAction","target":{"@type":"EntryPoint","urlTemplate":"https:\/\/www.tinas-autorenwelt.de\/?s={search_term_string}"},"query-input":{"@type":"PropertyValueSpecification","valueRequired":true,"valueName":"search_term_string"}}],"inLanguage":"de"}]}},"_links":{"self":[{"href":"https:\/\/www.tinas-autorenwelt.de\/index.php?rest_route=\/wp\/v2\/pages\/1205","targetHints":{"allow":["GET"]}}],"collection":[{"href":"https:\/\/www.tinas-autorenwelt.de\/index.php?rest_route=\/wp\/v2\/pages"}],"about":[{"href":"https:\/\/www.tinas-autorenwelt.de\/index.php?rest_route=\/wp\/v2\/types\/page"}],"author":[{"embeddable":true,"href":"https:\/\/www.tinas-autorenwelt.de\/index.php?rest_route=\/wp\/v2\/users\/1"}],"replies":[{"embeddable":true,"href":"https:\/\/www.tinas-autorenwelt.de\/index.php?rest_route=%2Fwp%2Fv2%2Fcomments&post=1205"}],"version-history":[{"count":4,"href":"https:\/\/www.tinas-autorenwelt.de\/index.php?rest_route=\/wp\/v2\/pages\/1205\/revisions"}],"predecessor-version":[{"id":1324,"href":"https:\/\/www.tinas-autorenwelt.de\/index.php?rest_route=\/wp\/v2\/pages\/1205\/revisions\/1324"}],"up":[{"embeddable":true,"href":"https:\/\/www.tinas-autorenwelt.de\/index.php?rest_route=\/wp\/v2\/pages\/129"}],"wp:attachment":[{"href":"https:\/\/www.tinas-autorenwelt.de\/index.php?rest_route=%2Fwp%2Fv2%2Fmedia&parent=1205"}],"curies":[{"name":"wp","href":"https:\/\/api.w.org\/{rel}","templated":true}]}}